{"id":2321,"date":"2024-01-29T21:01:03","date_gmt":"2024-01-29T21:01:03","guid":{"rendered":"https:\/\/play.mercosuraudiovisual.org\/accesibilidad\/"},"modified":"2025-04-14T19:44:57","modified_gmt":"2025-04-14T19:44:57","slug":"acessibilidade","status":"publish","type":"page","link":"https:\/\/play.mercosuraudiovisual.org\/pt-br\/acessibilidade\/","title":{"rendered":"Acessibilidade"},"content":{"rendered":"\t\t<div data-elementor-type=\"wp-page\" data-elementor-id=\"2321\" class=\"elementor elementor-2321 elementor-2184\" data-elementor-settings=\"{&quot;ha_cmc_init_switcher&quot;:&quot;no&quot;}\" data-elementor-post-type=\"page\">\n\t\t\t\t\t\t<section class=\"elementor-section elementor-top-section elementor-element elementor-element-c96e749 elementor-section-full_width elementor-section-height-default elementor-section-height-default\" data-id=\"c96e749\" data-element_type=\"section\" id=\"content\">\n\t\t\t\t\t\t<div class=\"elementor-container elementor-column-gap-default\">\n\t\t\t\t\t<div class=\"elementor-column elementor-col-66 elementor-top-column elementor-element elementor-element-a384073\" data-id=\"a384073\" data-element_type=\"column\">\n\t\t\t<div class=\"elementor-widget-wrap elementor-element-populated\">\n\t\t\t\t\t\t<section class=\"elementor-section elementor-inner-section elementor-element elementor-element-bbad80d elementor-section-boxed elementor-section-height-default elementor-section-height-default\" data-id=\"bbad80d\" data-element_type=\"section\">\n\t\t\t\t\t\t<div class=\"elementor-container elementor-column-gap-default\">\n\t\t\t\t\t<div class=\"elementor-column elementor-col-100 elementor-inner-column elementor-element elementor-element-78f7293\" data-id=\"78f7293\" data-element_type=\"column\">\n\t\t\t<div class=\"elementor-widget-wrap elementor-element-populated\">\n\t\t\t\t\t\t<div class=\"elementor-element elementor-element-070bafb elementor-widget elementor-widget-heading\" data-id=\"070bafb\" data-element_type=\"widget\" data-widget_type=\"heading.default\">\n\t\t\t\t<div class=\"elementor-widget-container\">\n\t\t\t\t\t<h2 class=\"elementor-heading-title elementor-size-default\">Acessibilidade<\/h2>\t\t\t\t<\/div>\n\t\t\t\t<\/div>\n\t\t\t\t<div class=\"elementor-element elementor-element-3ab1a1c elementor-widget elementor-widget-text-editor\" data-id=\"3ab1a1c\" data-element_type=\"widget\" data-widget_type=\"text-editor.default\">\n\t\t\t\t<div class=\"elementor-widget-container\">\n\t\t\t\t\t\t\t\t\t<p>A Plataforma Mercosul Audiovisual tem como um de seus objetivos ser um espa\u00e7o que viabilize a exibi\u00e7\u00e3o de obras que contam com recursos de acessibilidade audiovisual tais como legendas descritivas, l\u00edngua de sinais e audiodescri\u00e7\u00e3o para pessoas com diversidade sensorial, como cegas ou com baixa vis\u00e3o, surdas ou ensurdecidas, al\u00e9m de pessoas idosas e outras.<\/p><p>A Plataforma foi desenhada por especialistas em acessibilidade audiovisual e contou com consultoria de profissionais cegos e surdos para seu desenvolvimento. Por abranger a regi\u00e3o do Mercosul, a Plataforma conta com obras em diferentes idiomas &#8211; portugu\u00eas, espanhol e guarani (do Paraguai) &#8211; e diferentes diferentes l\u00ednguas de sinais (LIBRAS, LSA, LSU, etc).<\/p><p>Os recursos que est\u00e3o dispon\u00edveis s\u00e3o resultado de pr\u00eamios concedidos pela RECAM ou foram fornecidos pelos pr\u00f3prios produtores. Devido a essa abordagem, nem todos os curtas dispon\u00edveis apresentam recursos de acessibilidade.<\/p><p>Confira quais s\u00e3o as obras que est\u00e3o acess\u00edveis de acordo com o recurso desejado.<\/p>\t\t\t\t\t\t\t\t<\/div>\n\t\t\t\t<\/div>\n\t\t\t\t\t<\/div>\n\t\t<\/div>\n\t\t\t\t\t<\/div>\n\t\t<\/section>\n\t\t\t\t\t<\/div>\n\t\t<\/div>\n\t\t\t\t<div class=\"elementor-column elementor-col-33 elementor-top-column elementor-element elementor-element-208a8c1\" data-id=\"208a8c1\" data-element_type=\"column\" data-settings=\"{&quot;background_background&quot;:&quot;classic&quot;}\">\n\t\t\t<div class=\"elementor-widget-wrap elementor-element-populated\">\n\t\t\t\t\t\t<div class=\"elementor-element elementor-element-15fdc8e elementor-widget elementor-widget-heading\" data-id=\"15fdc8e\" data-element_type=\"widget\" data-widget_type=\"heading.default\">\n\t\t\t\t<div class=\"elementor-widget-container\">\n\t\t\t\t\t<h2 class=\"elementor-heading-title elementor-size-default\">Legendas de recursos:<\/h2>\t\t\t\t<\/div>\n\t\t\t\t<\/div>\n\t\t\t\t<div class=\"elementor-element elementor-element-1f64dce elementor-icon-list--layout-traditional elementor-list-item-link-full_width elementor-widget elementor-widget-icon-list\" data-id=\"1f64dce\" data-element_type=\"widget\" data-widget_type=\"icon-list.default\">\n\t\t\t\t<div class=\"elementor-widget-container\">\n\t\t\t\t\t\t\t<ul class=\"elementor-icon-list-items\">\n\t\t\t\t\t\t\t<li class=\"elementor-icon-list-item\">\n\t\t\t\t\t\t\t\t\t\t\t<a href=\"https:\/\/play.mercosuraudiovisual.org\/pt-br\/recurso\/subtitulos-sub-es-pt-br\/\">\n\n\t\t\t\t\t\t\t\t\t\t\t<span class=\"elementor-icon-list-text\">[SUB-ES] legendas em espanhol<\/span>\n\t\t\t\t\t\t\t\t\t\t\t<\/a>\n\t\t\t\t\t\t\t\t\t<\/li>\n\t\t\t\t\t\t\t\t<li class=\"elementor-icon-list-item\">\n\t\t\t\t\t\t\t\t\t\t\t<a href=\"https:\/\/play.mercosuraudiovisual.org\/pt-br\/recurso\/sub-pt-pt-br\/\">\n\n\t\t\t\t\t\t\t\t\t\t\t<span class=\"elementor-icon-list-text\">[SUB-PT] legendas em portugu\u00eas<\/span>\n\t\t\t\t\t\t\t\t\t\t\t<\/a>\n\t\t\t\t\t\t\t\t\t<\/li>\n\t\t\t\t\t\t\t\t<li class=\"elementor-icon-list-item\">\n\t\t\t\t\t\t\t\t\t\t\t<a href=\"https:\/\/play.mercosuraudiovisual.org\/pt-br\/recurso\/subtitulos-descriptivos-cc-es-pt-br\/\">\n\n\t\t\t\t\t\t\t\t\t\t\t<span class=\"elementor-icon-list-text\">[CC-ES] legenda descritiva em espanhol<\/span>\n\t\t\t\t\t\t\t\t\t\t\t<\/a>\n\t\t\t\t\t\t\t\t\t<\/li>\n\t\t\t\t\t\t\t\t<li class=\"elementor-icon-list-item\">\n\t\t\t\t\t\t\t\t\t\t\t<a href=\"https:\/\/play.mercosuraudiovisual.org\/pt-br\/recurso\/subtitulos-descriptivos-guarani-cc-gi-pt-br\/\">\n\n\t\t\t\t\t\t\t\t\t\t\t<span class=\"elementor-icon-list-text\">[CC-GI] legenda descritiva em guaran\u00ed<\/span>\n\t\t\t\t\t\t\t\t\t\t\t<\/a>\n\t\t\t\t\t\t\t\t\t<\/li>\n\t\t\t\t\t\t\t\t<li class=\"elementor-icon-list-item\">\n\t\t\t\t\t\t\t\t\t\t\t<a href=\"https:\/\/play.mercosuraudiovisual.org\/pt-br\/recurso\/cc-pt-pt-br\/\">\n\n\t\t\t\t\t\t\t\t\t\t\t<span class=\"elementor-icon-list-text\">[CC-PT] legenda descritiva em portugu\u00eas<\/span>\n\t\t\t\t\t\t\t\t\t\t\t<\/a>\n\t\t\t\t\t\t\t\t\t<\/li>\n\t\t\t\t\t\t\t\t<li class=\"elementor-icon-list-item\">\n\t\t\t\t\t\t\t\t\t\t\t<a href=\"https:\/\/play.mercosuraudiovisual.org\/pt-br\/recurso\/lsa-pt-br\/\">\n\n\t\t\t\t\t\t\t\t\t\t\t<span class=\"elementor-icon-list-text\">[LSA] L\u00edngua de sinais argentina<\/span>\n\t\t\t\t\t\t\t\t\t\t\t<\/a>\n\t\t\t\t\t\t\t\t\t<\/li>\n\t\t\t\t\t\t\t\t<li class=\"elementor-icon-list-item\">\n\t\t\t\t\t\t\t\t\t\t\t<a href=\"https:\/\/play.mercosuraudiovisual.org\/pt-br\/recurso\/libras-pt-br\/\">\n\n\t\t\t\t\t\t\t\t\t\t\t<span class=\"elementor-icon-list-text\">[LIBRAS] Lingua Brasileira de Sinais<\/span>\n\t\t\t\t\t\t\t\t\t\t\t<\/a>\n\t\t\t\t\t\t\t\t\t<\/li>\n\t\t\t\t\t\t\t\t<li class=\"elementor-icon-list-item\">\n\t\t\t\t\t\t\t\t\t\t\t<a href=\"https:\/\/play.mercosuraudiovisual.org\/pt-br\/recurso\/lsu-pt-br\/\">\n\n\t\t\t\t\t\t\t\t\t\t\t<span class=\"elementor-icon-list-text\">[LSU] L\u00edngua de sinais uruguaia<\/span>\n\t\t\t\t\t\t\t\t\t\t\t<\/a>\n\t\t\t\t\t\t\t\t\t<\/li>\n\t\t\t\t\t\t\t\t<li class=\"elementor-icon-list-item\">\n\t\t\t\t\t\t\t\t\t\t\t<a href=\"https:\/\/play.mercosuraudiovisual.org\/pt-br\/recurso\/ad-pt-pt-br\/\">\n\n\t\t\t\t\t\t\t\t\t\t\t<span class=\"elementor-icon-list-text\">[AD-PT] audiodescri\u00e7\u00e3o em portugu\u00eas<\/span>\n\t\t\t\t\t\t\t\t\t\t\t<\/a>\n\t\t\t\t\t\t\t\t\t<\/li>\n\t\t\t\t\t\t\t\t<li class=\"elementor-icon-list-item\">\n\t\t\t\t\t\t\t\t\t\t\t<a href=\"https:\/\/play.mercosuraudiovisual.org\/pt-br\/recurso\/audiodescripcion-es\/\">\n\n\t\t\t\t\t\t\t\t\t\t\t<span class=\"elementor-icon-list-text\">[AD-ES] audiodescri\u00e7\u00e3o em espanhol<\/span>\n\t\t\t\t\t\t\t\t\t\t\t<\/a>\n\t\t\t\t\t\t\t\t\t<\/li>\n\t\t\t\t\t\t\t\t<li class=\"elementor-icon-list-item\">\n\t\t\t\t\t\t\t\t\t\t\t<a href=\"https:\/\/play.mercosuraudiovisual.org\/pt-br\/recurso\/audiodescripcion-guarani-pt-br\/\">\n\n\t\t\t\t\t\t\t\t\t\t\t<span class=\"elementor-icon-list-text\">[AD-GI] audiodescri\u00e7\u00e3o em guaran\u00ed<\/span>\n\t\t\t\t\t\t\t\t\t\t\t<\/a>\n\t\t\t\t\t\t\t\t\t<\/li>\n\t\t\t\t\t\t\t\t<li class=\"elementor-icon-list-item\">\n\t\t\t\t\t\t\t\t\t\t\t<a href=\"https:\/\/play.mercosuraudiovisual.org\/pt-br\/recurso\/dub-es-pt-br\/\">\n\n\t\t\t\t\t\t\t\t\t\t\t<span class=\"elementor-icon-list-text\">[DUB-ES] dublada em espanhol<\/span>\n\t\t\t\t\t\t\t\t\t\t\t<\/a>\n\t\t\t\t\t\t\t\t\t<\/li>\n\t\t\t\t\t\t\t\t<li class=\"elementor-icon-list-item\">\n\t\t\t\t\t\t\t\t\t\t\t<a href=\"https:\/\/play.mercosuraudiovisual.org\/pt-br\/recurso\/dub-pt-pt-br\/\">\n\n\t\t\t\t\t\t\t\t\t\t\t<span class=\"elementor-icon-list-text\">[DUB-PT] dublada em portugu\u00eas<\/span>\n\t\t\t\t\t\t\t\t\t\t\t<\/a>\n\t\t\t\t\t\t\t\t\t<\/li>\n\t\t\t\t\t\t<\/ul>\n\t\t\t\t\t\t<\/div>\n\t\t\t\t<\/div>\n\t\t\t\t\t<\/div>\n\t\t<\/div>\n\t\t\t\t\t<\/div>\n\t\t<\/section>\n\t\t\t\t<\/div>\n\t\t","protected":false},"excerpt":{"rendered":"<p>A Plataforma Mercosul Audiovisual tem como um de seus objetivos ser um espa\u00e7o que viabilize a exibi\u00e7\u00e3o de obras que contam com recursos de acessibilidade audiovisual tais como legendas descritivas, l\u00edngua de sinais e audiodescri\u00e7\u00e3o para pessoas com diversidade sensorial, como cegas ou com baixa vis\u00e3o, surdas ou ensurdecidas, al\u00e9m de pessoas idosas e outras. [&hellip;]<\/p>\n","protected":false},"author":2,"featured_media":0,"parent":0,"menu_order":0,"comment_status":"closed","ping_status":"closed","template":"elementor_header_footer","meta":{"_acf_changed":false,"_monsterinsights_skip_tracking":false,"_monsterinsights_sitenote_active":false,"_monsterinsights_sitenote_note":"","_monsterinsights_sitenote_category":0,"_joinchat":[],"footnotes":""},"class_list":["post-2321","page","type-page","status-publish","hentry"],"acf":[],"yoast_head":"<!-- This site is optimized with the Yoast SEO plugin v25.0 - https:\/\/yoast.com\/wordpress\/plugins\/seo\/ -->\n<title>Acessibilidade - Plataforma Mercosur Audiovisual<\/title>\n<meta name=\"robots\" content=\"index, follow, max-snippet:-1, max-image-preview:large, max-video-preview:-1\" \/>\n<link rel=\"canonical\" href=\"https:\/\/play.mercosuraudiovisual.org\/pt-br\/acessibilidade\/\" \/>\n<meta property=\"og:locale\" content=\"pt_BR\" \/>\n<meta property=\"og:type\" content=\"article\" \/>\n<meta property=\"og:title\" content=\"Acessibilidade - Plataforma Mercosur Audiovisual\" \/>\n<meta property=\"og:description\" content=\"A Plataforma Mercosul Audiovisual tem como um de seus objetivos ser um espa\u00e7o que viabilize a exibi\u00e7\u00e3o de obras que contam com recursos de acessibilidade audiovisual tais como legendas descritivas, l\u00edngua de sinais e audiodescri\u00e7\u00e3o para pessoas com diversidade sensorial, como cegas ou com baixa vis\u00e3o, surdas ou ensurdecidas, al\u00e9m de pessoas idosas e outras. [&hellip;]\" \/>\n<meta property=\"og:url\" content=\"https:\/\/play.mercosuraudiovisual.org\/pt-br\/acessibilidade\/\" \/>\n<meta property=\"og:site_name\" content=\"Plataforma Mercosur Audiovisual\" \/>\n<meta property=\"article:publisher\" content=\"https:\/\/www.facebook.com\/recam.mercosur\/\" \/>\n<meta property=\"article:modified_time\" content=\"2025-04-14T19:44:57+00:00\" \/>\n<meta property=\"og:image\" content=\"https:\/\/play.mercosuraudiovisual.org\/wp-content\/uploads\/2023\/03\/recam-seo.jpg\" \/>\n\t<meta property=\"og:image:width\" content=\"1200\" \/>\n\t<meta property=\"og:image:height\" content=\"675\" \/>\n\t<meta property=\"og:image:type\" content=\"image\/jpeg\" \/>\n<meta name=\"twitter:card\" content=\"summary_large_image\" \/>\n<meta name=\"twitter:site\" content=\"@recam_mercosur\" \/>\n<meta name=\"twitter:label1\" content=\"Est. tempo de leitura\" \/>\n\t<meta name=\"twitter:data1\" content=\"2 minutos\" \/>\n<script type=\"application\/ld+json\" class=\"yoast-schema-graph\">{\"@context\":\"https:\/\/schema.org\",\"@graph\":[{\"@type\":\"WebPage\",\"@id\":\"https:\/\/play.mercosuraudiovisual.org\/pt-br\/acessibilidade\/\",\"url\":\"https:\/\/play.mercosuraudiovisual.org\/pt-br\/acessibilidade\/\",\"name\":\"Acessibilidade - Plataforma Mercosur Audiovisual\",\"isPartOf\":{\"@id\":\"https:\/\/play.mercosuraudiovisual.org\/pt-br\/#website\"},\"datePublished\":\"2024-01-29T21:01:03+00:00\",\"dateModified\":\"2025-04-14T19:44:57+00:00\",\"breadcrumb\":{\"@id\":\"https:\/\/play.mercosuraudiovisual.org\/pt-br\/acessibilidade\/#breadcrumb\"},\"inLanguage\":\"pt-BR\",\"potentialAction\":[{\"@type\":\"ReadAction\",\"target\":[\"https:\/\/play.mercosuraudiovisual.org\/pt-br\/acessibilidade\/\"]}]},{\"@type\":\"BreadcrumbList\",\"@id\":\"https:\/\/play.mercosuraudiovisual.org\/pt-br\/acessibilidade\/#breadcrumb\",\"itemListElement\":[{\"@type\":\"ListItem\",\"position\":1,\"name\":\"In\u00edcio\",\"item\":\"https:\/\/play.mercosuraudiovisual.org\/pt-br\/\"},{\"@type\":\"ListItem\",\"position\":2,\"name\":\"Acessibilidade\"}]},{\"@type\":\"WebSite\",\"@id\":\"https:\/\/play.mercosuraudiovisual.org\/pt-br\/#website\",\"url\":\"https:\/\/play.mercosuraudiovisual.org\/pt-br\/\",\"name\":\"Plataforma Mercosur Audiovisual\",\"description\":\"Um programa de Mercosur RECAM\",\"publisher\":{\"@id\":\"https:\/\/play.mercosuraudiovisual.org\/pt-br\/#organization\"},\"potentialAction\":[{\"@type\":\"SearchAction\",\"target\":{\"@type\":\"EntryPoint\",\"urlTemplate\":\"https:\/\/play.mercosuraudiovisual.org\/pt-br\/?s={search_term_string}\"},\"query-input\":{\"@type\":\"PropertyValueSpecification\",\"valueRequired\":true,\"valueName\":\"search_term_string\"}}],\"inLanguage\":\"pt-BR\"},{\"@type\":\"Organization\",\"@id\":\"https:\/\/play.mercosuraudiovisual.org\/pt-br\/#organization\",\"name\":\"Plataforma Mercosur Audiovisual\",\"alternateName\":\"RECAM\",\"url\":\"https:\/\/play.mercosuraudiovisual.org\/pt-br\/\",\"logo\":{\"@type\":\"ImageObject\",\"inLanguage\":\"pt-BR\",\"@id\":\"https:\/\/play.mercosuraudiovisual.org\/pt-br\/#\/schema\/logo\/image\/\",\"url\":\"https:\/\/play.mercosuraudiovisual.org\/wp-content\/uploads\/2022\/12\/Logo-Plataforma-RECAM-final.png\",\"contentUrl\":\"https:\/\/play.mercosuraudiovisual.org\/wp-content\/uploads\/2022\/12\/Logo-Plataforma-RECAM-final.png\",\"width\":823,\"height\":180,\"caption\":\"Plataforma Mercosur Audiovisual\"},\"image\":{\"@id\":\"https:\/\/play.mercosuraudiovisual.org\/pt-br\/#\/schema\/logo\/image\/\"},\"sameAs\":[\"https:\/\/www.facebook.com\/recam.mercosur\/\",\"https:\/\/x.com\/recam_mercosur\",\"https:\/\/www.instagram.com\/mercosulaudiovisual\/\",\"https:\/\/www.youtube.com\/user\/VideoRecam\/videos\"]}]}<\/script>\n<!-- \/ Yoast SEO plugin. -->","yoast_head_json":{"title":"Acessibilidade - Plataforma Mercosur Audiovisual","robots":{"index":"index","follow":"follow","max-snippet":"max-snippet:-1","max-image-preview":"max-image-preview:large","max-video-preview":"max-video-preview:-1"},"canonical":"https:\/\/play.mercosuraudiovisual.org\/pt-br\/acessibilidade\/","og_locale":"pt_BR","og_type":"article","og_title":"Acessibilidade - Plataforma Mercosur Audiovisual","og_description":"A Plataforma Mercosul Audiovisual tem como um de seus objetivos ser um espa\u00e7o que viabilize a exibi\u00e7\u00e3o de obras que contam com recursos de acessibilidade audiovisual tais como legendas descritivas, l\u00edngua de sinais e audiodescri\u00e7\u00e3o para pessoas com diversidade sensorial, como cegas ou com baixa vis\u00e3o, surdas ou ensurdecidas, al\u00e9m de pessoas idosas e outras. [&hellip;]","og_url":"https:\/\/play.mercosuraudiovisual.org\/pt-br\/acessibilidade\/","og_site_name":"Plataforma Mercosur Audiovisual","article_publisher":"https:\/\/www.facebook.com\/recam.mercosur\/","article_modified_time":"2025-04-14T19:44:57+00:00","og_image":[{"width":1200,"height":675,"url":"https:\/\/play.mercosuraudiovisual.org\/wp-content\/uploads\/2023\/03\/recam-seo.jpg","type":"image\/jpeg"}],"twitter_card":"summary_large_image","twitter_site":"@recam_mercosur","twitter_misc":{"Est. tempo de leitura":"2 minutos"},"schema":{"@context":"https:\/\/schema.org","@graph":[{"@type":"WebPage","@id":"https:\/\/play.mercosuraudiovisual.org\/pt-br\/acessibilidade\/","url":"https:\/\/play.mercosuraudiovisual.org\/pt-br\/acessibilidade\/","name":"Acessibilidade - Plataforma Mercosur Audiovisual","isPartOf":{"@id":"https:\/\/play.mercosuraudiovisual.org\/pt-br\/#website"},"datePublished":"2024-01-29T21:01:03+00:00","dateModified":"2025-04-14T19:44:57+00:00","breadcrumb":{"@id":"https:\/\/play.mercosuraudiovisual.org\/pt-br\/acessibilidade\/#breadcrumb"},"inLanguage":"pt-BR","potentialAction":[{"@type":"ReadAction","target":["https:\/\/play.mercosuraudiovisual.org\/pt-br\/acessibilidade\/"]}]},{"@type":"BreadcrumbList","@id":"https:\/\/play.mercosuraudiovisual.org\/pt-br\/acessibilidade\/#breadcrumb","itemListElement":[{"@type":"ListItem","position":1,"name":"In\u00edcio","item":"https:\/\/play.mercosuraudiovisual.org\/pt-br\/"},{"@type":"ListItem","position":2,"name":"Acessibilidade"}]},{"@type":"WebSite","@id":"https:\/\/play.mercosuraudiovisual.org\/pt-br\/#website","url":"https:\/\/play.mercosuraudiovisual.org\/pt-br\/","name":"Plataforma Mercosur Audiovisual","description":"Um programa de Mercosur RECAM","publisher":{"@id":"https:\/\/play.mercosuraudiovisual.org\/pt-br\/#organization"},"potentialAction":[{"@type":"SearchAction","target":{"@type":"EntryPoint","urlTemplate":"https:\/\/play.mercosuraudiovisual.org\/pt-br\/?s={search_term_string}"},"query-input":{"@type":"PropertyValueSpecification","valueRequired":true,"valueName":"search_term_string"}}],"inLanguage":"pt-BR"},{"@type":"Organization","@id":"https:\/\/play.mercosuraudiovisual.org\/pt-br\/#organization","name":"Plataforma Mercosur Audiovisual","alternateName":"RECAM","url":"https:\/\/play.mercosuraudiovisual.org\/pt-br\/","logo":{"@type":"ImageObject","inLanguage":"pt-BR","@id":"https:\/\/play.mercosuraudiovisual.org\/pt-br\/#\/schema\/logo\/image\/","url":"https:\/\/play.mercosuraudiovisual.org\/wp-content\/uploads\/2022\/12\/Logo-Plataforma-RECAM-final.png","contentUrl":"https:\/\/play.mercosuraudiovisual.org\/wp-content\/uploads\/2022\/12\/Logo-Plataforma-RECAM-final.png","width":823,"height":180,"caption":"Plataforma Mercosur Audiovisual"},"image":{"@id":"https:\/\/play.mercosuraudiovisual.org\/pt-br\/#\/schema\/logo\/image\/"},"sameAs":["https:\/\/www.facebook.com\/recam.mercosur\/","https:\/\/x.com\/recam_mercosur","https:\/\/www.instagram.com\/mercosulaudiovisual\/","https:\/\/www.youtube.com\/user\/VideoRecam\/videos"]}]}},"_links":{"self":[{"href":"https:\/\/play.mercosuraudiovisual.org\/pt-br\/wp-json\/wp\/v2\/pages\/2321","targetHints":{"allow":["GET"]}}],"collection":[{"href":"https:\/\/play.mercosuraudiovisual.org\/pt-br\/wp-json\/wp\/v2\/pages"}],"about":[{"href":"https:\/\/play.mercosuraudiovisual.org\/pt-br\/wp-json\/wp\/v2\/types\/page"}],"author":[{"embeddable":true,"href":"https:\/\/play.mercosuraudiovisual.org\/pt-br\/wp-json\/wp\/v2\/users\/2"}],"replies":[{"embeddable":true,"href":"https:\/\/play.mercosuraudiovisual.org\/pt-br\/wp-json\/wp\/v2\/comments?post=2321"}],"version-history":[{"count":17,"href":"https:\/\/play.mercosuraudiovisual.org\/pt-br\/wp-json\/wp\/v2\/pages\/2321\/revisions"}],"predecessor-version":[{"id":2947,"href":"https:\/\/play.mercosuraudiovisual.org\/pt-br\/wp-json\/wp\/v2\/pages\/2321\/revisions\/2947"}],"wp:attachment":[{"href":"https:\/\/play.mercosuraudiovisual.org\/pt-br\/wp-json\/wp\/v2\/media?parent=2321"}],"curies":[{"name":"wp","href":"https:\/\/api.w.org\/{rel}","templated":true}]}}