{"id":1268,"date":"2022-03-24T15:22:24","date_gmt":"2022-03-24T15:22:24","guid":{"rendered":"https:\/\/recam.venuswp.com.br\/politica-de-privacidad\/"},"modified":"2024-03-11T20:50:29","modified_gmt":"2024-03-11T20:50:29","slug":"politica-de-privacidad","status":"publish","type":"page","link":"https:\/\/play.mercosuraudiovisual.org\/pt-br\/politica-de-privacidad\/","title":{"rendered":"Pol\u00edtica de Privacidad"},"content":{"rendered":"\t\t<div data-elementor-type=\"wp-page\" data-elementor-id=\"1268\" class=\"elementor elementor-1268 elementor-40\" data-elementor-settings=\"{&quot;ha_cmc_init_switcher&quot;:&quot;no&quot;}\" data-elementor-post-type=\"page\">\n\t\t\t\t\t\t<section class=\"elementor-section elementor-top-section elementor-element elementor-element-f7824f9 elementor-section-boxed elementor-section-height-default elementor-section-height-default\" data-id=\"f7824f9\" data-element_type=\"section\" id=\"content\">\n\t\t\t\t\t\t<div class=\"elementor-container elementor-column-gap-default\">\n\t\t\t\t\t<div class=\"elementor-column elementor-col-100 elementor-top-column elementor-element elementor-element-ff28b56\" data-id=\"ff28b56\" data-element_type=\"column\">\n\t\t\t<div class=\"elementor-widget-wrap elementor-element-populated\">\n\t\t\t\t\t\t<div class=\"elementor-element elementor-element-0e82278 elementor-widget elementor-widget-text-editor\" data-id=\"0e82278\" data-element_type=\"widget\" data-widget_type=\"text-editor.default\">\n\t\t\t\t<div class=\"elementor-widget-container\">\n\t\t\t\t\t\t\t\t\t<p>POL\u00cdTICA DE PRIVACIDAD<\/p><p>Su privacidad es importante para nosotros. La pol\u00edtica de la Reuni\u00f3n de Autoridades Cinematogr\u00e1ficas y Audiovisuales del Mercosur (\u201cRECAM\u201d) es respetar su privacidad con respecto a cualquier informaci\u00f3n que podamos recopilar en el sitio Web de PLATAFORMA MERCOSUR AUDIOVISUAL y en otros sitios Web que poseamos y gestionemos.<\/p><p>Para regular el acceso y la utilizaci\u00f3n en el sitio web de la PLATAFORMA MERCOSUR AUSIVISUAL contenida en el sitio y\/o aquel que lo reemplace en el futuro, se detallan a continuaci\u00f3n la siguiente pol\u00edtica de privacidad la cual constituyen un\u00a0acuerdo entre la RECAM y el usuario y\/o visitante de la Plataforma<\/p><p>La Plataforma tiene como principal objetivo brindarle al ciudadano el acceso directo a la informaci\u00f3n que provee la RECAM en el marco de sus actividades.<\/p><p>Solicitamos informaci\u00f3n personal s\u00f3lo cuando realmente la necesitamos para prestarle un servicio. Lo hacemos por medios justos y legales, con su conocimiento y consentimiento. Tambi\u00e9n le explicamos por qu\u00e9 la recabamos y c\u00f3mo se utilizar\u00e1.<\/p><p>S\u00f3lo conservamos la informaci\u00f3n recopilada durante el tiempo necesario para brindar el servicio solicitado. Cuando almacenamos datos, los protegemos con medios comercialmente aceptables para evitar p\u00e9rdidas y robos, as\u00ed como el acceso, la divulgaci\u00f3n, la copia, el uso o la modificaci\u00f3n no autorizados.<\/p><p>No compartimos informaci\u00f3n personal identificable p\u00fablicamente o con terceros, excepto cuando lo exige la ley.<\/p><p>El usuario podr\u00e1 ingresar en la Plataforma sus datos personales identificatorios. Estos datos ser\u00e1n administrados por la RECAM conforme la legislaci\u00f3n vigente y almacenados bajo estrictas normas de seguridad y confidencialidad. La RECAM no los utilizar\u00e1 para finalidades distintas o incompatibles ni ser\u00e1n revelados a terceras personas, a menos que sean datos identificatorios de acceso p\u00fablico o sean solicitados a efectos de cumplir con procedimientos judiciales o a requerimiento de autoridades administrativas competentes. En caso de existir datos personales total o parcialmente inexactos, la RECAM se compromete a sustituirlos, completarlos y\/o suprimirlos cuando haya tomado conocimiento fehaciente del error. Los usuarios prestan su consentimiento libre, expreso e informado al uso de la informaci\u00f3n mencionada de acuerdo con los t\u00e9rminos del presente apartado.<\/p><p>La informaci\u00f3n contenida en la Plataforma ser\u00e1 de acceso p\u00fablico, sin perjuicio de cualquier requisito previo de registro con nombre de usuario y contrase\u00f1a que se pueda establecer a futuro al efecto cuya potestad es exclusiva de RECAM, comprometi\u00e9ndose el usuario a que dicha informaci\u00f3n sea ver\u00eddica quedando prohibido el uso de alias o medios para ocultar la verdadera identidad salvo cuando expresamente se requiera crear un Nick o alias.<\/p><p>Nuestro sitio puede tener enlaces a sitios web externos que no son operados por nosotros. Tenga en cuenta que no tenemos ning\u00fan control sobre el contenido y las pr\u00e1cticas de estos sitios y no podemos aceptar la responsabilidad de sus respectivas pol\u00edticas de privacidad.<\/p><p>Usted es libre de rechazar nuestra solicitud de informaci\u00f3n personal, entendiendo que es posible que no podamos prestarle algunos de los servicios que solicite.<\/p><p>Su uso continuado de nuestro sitio web se considerar\u00e1 una aceptaci\u00f3n de nuestras pr\u00e1cticas en torno a la privacidad y la informaci\u00f3n personal. Si tiene alguna pregunta sobre c\u00f3mo tratamos los datos del usuario y la informaci\u00f3n personal, p\u00f3ngase en contacto con nosotros.<\/p><p>Son de la RECAM todos los derechos de propiedad incluidos en la plataforma incluyendo a: signos distintivos, marcas, lemas, ense\u00f1as, logos, nombres de dominio, derechos de autor o patentes sobre programas de computador, bases de datos, dise\u00f1os, contenidos o cualquier otra obra o creaci\u00f3n intelectual vinculada con el objeto, operaci\u00f3n o desempe\u00f1o de la Plataforma. Asimismo el contenido de la Plataforma incluyendo los materiales, documentos, bases de datos, dise\u00f1os, marcas, logotipos, gr\u00e1ficos, audio y video, etc., se encuentra protegido conforme lo dispuesto en la legislaci\u00f3n vigente siendo de propiedad exclusiva de la RECAM o de terceros que han autorizado su uso a RECAM. Por lo tanto, el usuario tendr\u00e1 prohibido modificar, copiar, distribuir, transmitir, publicar, editar o explotar de cualquier forma el contenido y el dise\u00f1o de la Plataforma con fines comerciales y\/o privados, en todo o en parte, y por cualquier forma o medio, sin una autorizaci\u00f3n expresa de RECAM, bajo apercibimiento de aplicarse las sanciones previstas en la legislaci\u00f3n vigente.<\/p><p>\u00a0<\/p><p>Compromiso del usuario:<\/p><p>Por usuario se entiende a toda persona que acceda y\/o utilice todo o parte de los contenidos incluidos en la Plataforma. Ser usuario implica necesariamente la aceptaci\u00f3n de los t\u00e9rminos de uso y de la legislaci\u00f3n aplicable, plenamente y sin reservas.<\/p><p>El usuario se compromete a hacer un uso adecuado de los contenidos e informaciones que la PLATAFORMA MERCOSUR AUDIOVISUAL ofrece en el sitio y con car\u00e1cter enunciativo, pero no limitativo:<\/p><p>A) No realizar actividades il\u00edcitas o contrarias a la buena fe y al orden p\u00fablico;<\/p><p>B) No difundir propaganda o contenidos de car\u00e1cter racista, xen\u00f3fobo, juegos de apuestas, pornograf\u00eda ilegal de cualquier tipo, apolog\u00eda del terrorismo o atentatorio contra los derechos humanos;<\/p><p>C) No provocar da\u00f1os en los sistemas f\u00edsicos (hardware) y l\u00f3gicos (software) de la PLATAFORMA MERCOSUR AUDIOVISUAL, de sus proveedores o de terceras personas, introducir o difundir en la red virus inform\u00e1ticos o cualesquiera otros sistemas f\u00edsicos o l\u00f3gicos que sean susceptibles de provocar los da\u00f1os anteriormente mencionados.<\/p><p>\u00a0<\/p><p>Informaci\u00f3n adicional<\/p><p>Esperamos que todo esto haya quedado claro y, como se ha mencionado anteriormente, si hay algo que no est\u00e1 seguro de si necesita o no, por lo general es m\u00e1s seguro dejar las cookies activadas si interact\u00faa con una de las funciones que utiliza en nuestro sitio.<\/p><p>Esta pol\u00edtica es efectiva desde el 26 de marzo de 2023.<\/p>\t\t\t\t\t\t\t\t<\/div>\n\t\t\t\t<\/div>\n\t\t\t\t\t<\/div>\n\t\t<\/div>\n\t\t\t\t\t<\/div>\n\t\t<\/section>\n\t\t\t\t<\/div>\n\t\t","protected":false},"excerpt":{"rendered":"<p>POL\u00cdTICA DE PRIVACIDAD Su privacidad es importante para nosotros. La pol\u00edtica de la Reuni\u00f3n de Autoridades Cinematogr\u00e1ficas y Audiovisuales del Mercosur (\u201cRECAM\u201d) es respetar su privacidad con respecto a cualquier informaci\u00f3n que podamos recopilar en el sitio Web de PLATAFORMA MERCOSUR AUDIOVISUAL y en otros sitios Web que poseamos y gestionemos. Para regular el acceso [&hellip;]<\/p>\n","protected":false},"author":1,"featured_media":0,"parent":0,"menu_order":0,"comment_status":"closed","ping_status":"closed","template":"elementor_header_footer","meta":{"_acf_changed":false,"_monsterinsights_skip_tracking":false,"_monsterinsights_sitenote_active":false,"_monsterinsights_sitenote_note":"","_monsterinsights_sitenote_category":0,"_joinchat":[],"footnotes":""},"class_list":["post-1268","page","type-page","status-publish","hentry"],"acf":[],"yoast_head":"<!-- This site is optimized with the Yoast SEO plugin v25.0 - https:\/\/yoast.com\/wordpress\/plugins\/seo\/ -->\n<title>Pol\u00edtica de Privacidad - Plataforma Mercosur Audiovisual<\/title>\n<meta name=\"robots\" content=\"index, follow, max-snippet:-1, max-image-preview:large, max-video-preview:-1\" \/>\n<link rel=\"canonical\" href=\"https:\/\/play.mercosuraudiovisual.org\/pt-br\/politica-de-privacidad\/\" \/>\n<meta property=\"og:locale\" content=\"pt_BR\" \/>\n<meta property=\"og:type\" content=\"article\" \/>\n<meta property=\"og:title\" content=\"Pol\u00edtica de Privacidad - Plataforma Mercosur Audiovisual\" \/>\n<meta property=\"og:description\" content=\"POL\u00cdTICA DE PRIVACIDAD Su privacidad es importante para nosotros. La pol\u00edtica de la Reuni\u00f3n de Autoridades Cinematogr\u00e1ficas y Audiovisuales del Mercosur (\u201cRECAM\u201d) es respetar su privacidad con respecto a cualquier informaci\u00f3n que podamos recopilar en el sitio Web de PLATAFORMA MERCOSUR AUDIOVISUAL y en otros sitios Web que poseamos y gestionemos. Para regular el acceso [&hellip;]\" \/>\n<meta property=\"og:url\" content=\"https:\/\/play.mercosuraudiovisual.org\/pt-br\/politica-de-privacidad\/\" \/>\n<meta property=\"og:site_name\" content=\"Plataforma Mercosur Audiovisual\" \/>\n<meta property=\"article:publisher\" content=\"https:\/\/www.facebook.com\/recam.mercosur\/\" \/>\n<meta property=\"article:modified_time\" content=\"2024-03-11T20:50:29+00:00\" \/>\n<meta property=\"og:image\" content=\"https:\/\/play.mercosuraudiovisual.org\/wp-content\/uploads\/2023\/03\/recam-seo.jpg\" \/>\n\t<meta property=\"og:image:width\" content=\"1200\" \/>\n\t<meta property=\"og:image:height\" content=\"675\" \/>\n\t<meta property=\"og:image:type\" content=\"image\/jpeg\" \/>\n<meta name=\"twitter:card\" content=\"summary_large_image\" \/>\n<meta name=\"twitter:site\" content=\"@recam_mercosur\" \/>\n<meta name=\"twitter:label1\" content=\"Est. tempo de leitura\" \/>\n\t<meta name=\"twitter:data1\" content=\"3 minutos\" \/>\n<script type=\"application\/ld+json\" class=\"yoast-schema-graph\">{\"@context\":\"https:\/\/schema.org\",\"@graph\":[{\"@type\":\"WebPage\",\"@id\":\"https:\/\/play.mercosuraudiovisual.org\/pt-br\/politica-de-privacidad\/\",\"url\":\"https:\/\/play.mercosuraudiovisual.org\/pt-br\/politica-de-privacidad\/\",\"name\":\"Pol\u00edtica de Privacidad - Plataforma Mercosur Audiovisual\",\"isPartOf\":{\"@id\":\"https:\/\/play.mercosuraudiovisual.org\/pt-br\/#website\"},\"datePublished\":\"2022-03-24T15:22:24+00:00\",\"dateModified\":\"2024-03-11T20:50:29+00:00\",\"breadcrumb\":{\"@id\":\"https:\/\/play.mercosuraudiovisual.org\/pt-br\/politica-de-privacidad\/#breadcrumb\"},\"inLanguage\":\"pt-BR\",\"potentialAction\":[{\"@type\":\"ReadAction\",\"target\":[\"https:\/\/play.mercosuraudiovisual.org\/pt-br\/politica-de-privacidad\/\"]}]},{\"@type\":\"BreadcrumbList\",\"@id\":\"https:\/\/play.mercosuraudiovisual.org\/pt-br\/politica-de-privacidad\/#breadcrumb\",\"itemListElement\":[{\"@type\":\"ListItem\",\"position\":1,\"name\":\"In\u00edcio\",\"item\":\"https:\/\/play.mercosuraudiovisual.org\/pt-br\/\"},{\"@type\":\"ListItem\",\"position\":2,\"name\":\"Pol\u00edtica de Privacidad\"}]},{\"@type\":\"WebSite\",\"@id\":\"https:\/\/play.mercosuraudiovisual.org\/pt-br\/#website\",\"url\":\"https:\/\/play.mercosuraudiovisual.org\/pt-br\/\",\"name\":\"Plataforma Mercosur Audiovisual\",\"description\":\"Um programa de Mercosur RECAM\",\"publisher\":{\"@id\":\"https:\/\/play.mercosuraudiovisual.org\/pt-br\/#organization\"},\"potentialAction\":[{\"@type\":\"SearchAction\",\"target\":{\"@type\":\"EntryPoint\",\"urlTemplate\":\"https:\/\/play.mercosuraudiovisual.org\/pt-br\/?s={search_term_string}\"},\"query-input\":{\"@type\":\"PropertyValueSpecification\",\"valueRequired\":true,\"valueName\":\"search_term_string\"}}],\"inLanguage\":\"pt-BR\"},{\"@type\":\"Organization\",\"@id\":\"https:\/\/play.mercosuraudiovisual.org\/pt-br\/#organization\",\"name\":\"Plataforma Mercosur Audiovisual\",\"alternateName\":\"RECAM\",\"url\":\"https:\/\/play.mercosuraudiovisual.org\/pt-br\/\",\"logo\":{\"@type\":\"ImageObject\",\"inLanguage\":\"pt-BR\",\"@id\":\"https:\/\/play.mercosuraudiovisual.org\/pt-br\/#\/schema\/logo\/image\/\",\"url\":\"https:\/\/play.mercosuraudiovisual.org\/wp-content\/uploads\/2022\/12\/Logo-Plataforma-RECAM-final.png\",\"contentUrl\":\"https:\/\/play.mercosuraudiovisual.org\/wp-content\/uploads\/2022\/12\/Logo-Plataforma-RECAM-final.png\",\"width\":823,\"height\":180,\"caption\":\"Plataforma Mercosur Audiovisual\"},\"image\":{\"@id\":\"https:\/\/play.mercosuraudiovisual.org\/pt-br\/#\/schema\/logo\/image\/\"},\"sameAs\":[\"https:\/\/www.facebook.com\/recam.mercosur\/\",\"https:\/\/x.com\/recam_mercosur\",\"https:\/\/www.instagram.com\/mercosulaudiovisual\/\",\"https:\/\/www.youtube.com\/user\/VideoRecam\/videos\"]}]}<\/script>\n<!-- \/ Yoast SEO plugin. -->","yoast_head_json":{"title":"Pol\u00edtica de Privacidad - Plataforma Mercosur Audiovisual","robots":{"index":"index","follow":"follow","max-snippet":"max-snippet:-1","max-image-preview":"max-image-preview:large","max-video-preview":"max-video-preview:-1"},"canonical":"https:\/\/play.mercosuraudiovisual.org\/pt-br\/politica-de-privacidad\/","og_locale":"pt_BR","og_type":"article","og_title":"Pol\u00edtica de Privacidad - Plataforma Mercosur Audiovisual","og_description":"POL\u00cdTICA DE PRIVACIDAD Su privacidad es importante para nosotros. La pol\u00edtica de la Reuni\u00f3n de Autoridades Cinematogr\u00e1ficas y Audiovisuales del Mercosur (\u201cRECAM\u201d) es respetar su privacidad con respecto a cualquier informaci\u00f3n que podamos recopilar en el sitio Web de PLATAFORMA MERCOSUR AUDIOVISUAL y en otros sitios Web que poseamos y gestionemos. Para regular el acceso [&hellip;]","og_url":"https:\/\/play.mercosuraudiovisual.org\/pt-br\/politica-de-privacidad\/","og_site_name":"Plataforma Mercosur Audiovisual","article_publisher":"https:\/\/www.facebook.com\/recam.mercosur\/","article_modified_time":"2024-03-11T20:50:29+00:00","og_image":[{"width":1200,"height":675,"url":"https:\/\/play.mercosuraudiovisual.org\/wp-content\/uploads\/2023\/03\/recam-seo.jpg","type":"image\/jpeg"}],"twitter_card":"summary_large_image","twitter_site":"@recam_mercosur","twitter_misc":{"Est. tempo de leitura":"3 minutos"},"schema":{"@context":"https:\/\/schema.org","@graph":[{"@type":"WebPage","@id":"https:\/\/play.mercosuraudiovisual.org\/pt-br\/politica-de-privacidad\/","url":"https:\/\/play.mercosuraudiovisual.org\/pt-br\/politica-de-privacidad\/","name":"Pol\u00edtica de Privacidad - Plataforma Mercosur Audiovisual","isPartOf":{"@id":"https:\/\/play.mercosuraudiovisual.org\/pt-br\/#website"},"datePublished":"2022-03-24T15:22:24+00:00","dateModified":"2024-03-11T20:50:29+00:00","breadcrumb":{"@id":"https:\/\/play.mercosuraudiovisual.org\/pt-br\/politica-de-privacidad\/#breadcrumb"},"inLanguage":"pt-BR","potentialAction":[{"@type":"ReadAction","target":["https:\/\/play.mercosuraudiovisual.org\/pt-br\/politica-de-privacidad\/"]}]},{"@type":"BreadcrumbList","@id":"https:\/\/play.mercosuraudiovisual.org\/pt-br\/politica-de-privacidad\/#breadcrumb","itemListElement":[{"@type":"ListItem","position":1,"name":"In\u00edcio","item":"https:\/\/play.mercosuraudiovisual.org\/pt-br\/"},{"@type":"ListItem","position":2,"name":"Pol\u00edtica de Privacidad"}]},{"@type":"WebSite","@id":"https:\/\/play.mercosuraudiovisual.org\/pt-br\/#website","url":"https:\/\/play.mercosuraudiovisual.org\/pt-br\/","name":"Plataforma Mercosur Audiovisual","description":"Um programa de Mercosur RECAM","publisher":{"@id":"https:\/\/play.mercosuraudiovisual.org\/pt-br\/#organization"},"potentialAction":[{"@type":"SearchAction","target":{"@type":"EntryPoint","urlTemplate":"https:\/\/play.mercosuraudiovisual.org\/pt-br\/?s={search_term_string}"},"query-input":{"@type":"PropertyValueSpecification","valueRequired":true,"valueName":"search_term_string"}}],"inLanguage":"pt-BR"},{"@type":"Organization","@id":"https:\/\/play.mercosuraudiovisual.org\/pt-br\/#organization","name":"Plataforma Mercosur Audiovisual","alternateName":"RECAM","url":"https:\/\/play.mercosuraudiovisual.org\/pt-br\/","logo":{"@type":"ImageObject","inLanguage":"pt-BR","@id":"https:\/\/play.mercosuraudiovisual.org\/pt-br\/#\/schema\/logo\/image\/","url":"https:\/\/play.mercosuraudiovisual.org\/wp-content\/uploads\/2022\/12\/Logo-Plataforma-RECAM-final.png","contentUrl":"https:\/\/play.mercosuraudiovisual.org\/wp-content\/uploads\/2022\/12\/Logo-Plataforma-RECAM-final.png","width":823,"height":180,"caption":"Plataforma Mercosur Audiovisual"},"image":{"@id":"https:\/\/play.mercosuraudiovisual.org\/pt-br\/#\/schema\/logo\/image\/"},"sameAs":["https:\/\/www.facebook.com\/recam.mercosur\/","https:\/\/x.com\/recam_mercosur","https:\/\/www.instagram.com\/mercosulaudiovisual\/","https:\/\/www.youtube.com\/user\/VideoRecam\/videos"]}]}},"_links":{"self":[{"href":"https:\/\/play.mercosuraudiovisual.org\/pt-br\/wp-json\/wp\/v2\/pages\/1268","targetHints":{"allow":["GET"]}}],"collection":[{"href":"https:\/\/play.mercosuraudiovisual.org\/pt-br\/wp-json\/wp\/v2\/pages"}],"about":[{"href":"https:\/\/play.mercosuraudiovisual.org\/pt-br\/wp-json\/wp\/v2\/types\/page"}],"author":[{"embeddable":true,"href":"https:\/\/play.mercosuraudiovisual.org\/pt-br\/wp-json\/wp\/v2\/users\/1"}],"replies":[{"embeddable":true,"href":"https:\/\/play.mercosuraudiovisual.org\/pt-br\/wp-json\/wp\/v2\/comments?post=1268"}],"version-history":[{"count":19,"href":"https:\/\/play.mercosuraudiovisual.org\/pt-br\/wp-json\/wp\/v2\/pages\/1268\/revisions"}],"predecessor-version":[{"id":2459,"href":"https:\/\/play.mercosuraudiovisual.org\/pt-br\/wp-json\/wp\/v2\/pages\/1268\/revisions\/2459"}],"wp:attachment":[{"href":"https:\/\/play.mercosuraudiovisual.org\/pt-br\/wp-json\/wp\/v2\/media?parent=1268"}],"curies":[{"name":"wp","href":"https:\/\/api.w.org\/{rel}","templated":true}]}}