{"id":1267,"date":"2022-03-24T15:22:02","date_gmt":"2022-03-24T15:22:02","guid":{"rendered":"https:\/\/recam.venuswp.com.br\/terminos-de-uso\/"},"modified":"2024-03-11T20:51:18","modified_gmt":"2024-03-11T20:51:18","slug":"termos-de-uso","status":"publish","type":"page","link":"https:\/\/play.mercosuraudiovisual.org\/pt-br\/termos-de-uso\/","title":{"rendered":"Termos de Uso"},"content":{"rendered":"\t\t<div data-elementor-type=\"wp-page\" data-elementor-id=\"1267\" class=\"elementor elementor-1267 elementor-38\" data-elementor-settings=\"{&quot;ha_cmc_init_switcher&quot;:&quot;no&quot;}\" data-elementor-post-type=\"page\">\n\t\t\t\t\t\t<section class=\"elementor-section elementor-top-section elementor-element elementor-element-bd5cfe6 elementor-section-boxed elementor-section-height-default elementor-section-height-default\" data-id=\"bd5cfe6\" data-element_type=\"section\" id=\"content\">\n\t\t\t\t\t\t<div class=\"elementor-container elementor-column-gap-default\">\n\t\t\t\t\t<div class=\"elementor-column elementor-col-100 elementor-top-column elementor-element elementor-element-6c221bc\" data-id=\"6c221bc\" data-element_type=\"column\">\n\t\t\t<div class=\"elementor-widget-wrap elementor-element-populated\">\n\t\t\t\t\t\t<div class=\"elementor-element elementor-element-2113dd2 elementor-widget elementor-widget-text-editor\" data-id=\"2113dd2\" data-element_type=\"widget\" data-widget_type=\"text-editor.default\">\n\t\t\t\t<div class=\"elementor-widget-container\">\n\t\t\t\t\t\t\t\t\t<p>\u00a0<\/p><p><span style=\"font-weight: 400;\">TERMOS DE USO<\/span><\/p><p>\u00a0<\/p><ol><li><span style=\"font-weight: 400;\"> Termos<\/span><\/li><\/ol><p><span style=\"font-weight: 400;\">Ao acessar o site\u00a0PLATAFORMA MERCOSUL AUDIOVISUAL, voc\u00ea concorda em cumprir estes termos de servi\u00e7o, todas as leis e regulamentos aplic\u00e1veis \u200b\u200be concorda que \u00e9 respons\u00e1vel pelo cumprimento de todas as leis locais aplic\u00e1veis. Voc\u00ea tamb\u00e9m concorda em n\u00e3o se contrapor \u00e0 boa f\u00e9, \u00e0 ordem p\u00fablica e as legisla\u00e7\u00f5es dos pa\u00edses integrantes do Mercosul, assumindo qualquer responsabilidade em caso de incumprimento. Se voc\u00ea n\u00e3o est\u00e1 de acordo com algum destes termos, n\u00e3o se encontra autorizado para tal acesso, contando com a faculdade de n\u00e3o acessar este site. Os materiais contidos neste site s\u00e3o protegidos pelas leis de direitos autorais e marcas comerciais aplic\u00e1veis.<\/span><\/p><p>\u00a0<\/p><ol start=\"2\"><li><span style=\"font-weight: 400;\"> Permiss\u00f5es<\/span><\/li><\/ol><p><span style=\"font-weight: 400;\">\u00c9 concedida permiss\u00e3o para visualizar os materiais (informa\u00e7\u00f5es, fotos ou v\u00eddeos) no site PLATAFORMA MERCOSUL AUDIOVISUAL, sem direito de download e apenas para visualiza\u00e7\u00e3o transit\u00f3ria pessoal e n\u00e3o comercial. Qualquer download ou uso do conte\u00fado deste site que extrapole o aqui indicado ser\u00e1 objeto de sans\u00f5es penais e civis por danos e preju\u00edzos por tal infra\u00e7\u00e3o. Esta concess\u00e3o n\u00e3o \u00e9 uma transfer\u00eancia de t\u00edtulo, estando proibido: \u00a0 \u00a0 \u00a0<\/span><\/p><p>\u00a0<\/p><p><span style=\"font-weight: 400;\">&#8211; fazer download dos materiais;<\/span><\/p><p><span style=\"font-weight: 400;\">&#8211; modificar ou copiar os materiais;\u00a0<\/span><\/p><p><span style=\"font-weight: 400;\">&#8211; usar os materiais para qualquer finalidade comercial ou para exibi\u00e7\u00e3o p\u00fablica (comercial ou n\u00e3o comercial);\u00a0<\/span><\/p><p><span style=\"font-weight: 400;\">&#8211; tentar descompilar ou fazer engenharia reversa de qualquer software contido no site PLATAFORMA MERCOSUL AUDIOVISUAL;\u00a0<\/span><\/p><p><span style=\"font-weight: 400;\">&#8211; remover quaisquer direitos autorais ou outras nota\u00e7\u00f5es de propriedade dos materiais;<\/span><\/p><p><span style=\"font-weight: 400;\">&#8211; transferir os materiais para outra pessoa ou &#8216;espelhar&#8217; os materiais em qualquer outro servidor.<\/span><\/p><p>\u00a0<\/p><p><span style=\"font-weight: 400;\">Esta permiss\u00e3o de acesso ser\u00e1 automaticamente suspensa se voc\u00ea violar alguma dessas restri\u00e7\u00f5es, e poder\u00e1 ser suspensa pela PLATAFORMA MERCOSUL AUDIOVISUAL a qualquer momento.\u00a0<\/span><\/p><p>\u00a0<\/p><ol start=\"3\"><li><span style=\"font-weight: 400;\"> Isen\u00e7\u00e3o de responsabilidade<\/span><\/li><\/ol><p><span style=\"font-weight: 400;\">Os materiais no site da PLATAFORMA MERCOSUL AUDIOVISUAL s\u00e3o fornecidos &#8216;como est\u00e3o&#8217;. A RECAM n\u00e3o interfere no conte\u00fado das obras exibidas, nem nos formatos. As obras s\u00e3o disponibilizadas na melhor qualidade poss\u00edvel, a partir dos materiais recebidos e possibilidades t\u00e9cnicas do site. Os recursos de acessibilidade dispon\u00edveis s\u00e3o os que foram recebidos com cada obra.\u00a0 A PLATAFORMA MERCOSUL AUDIOVISUAL\u00a0 \u00a0 \u00a0 licenciou os direitos de exibi\u00e7\u00e3o das obras para este meio, mas n\u00e3o se responsabiliza pelo conte\u00fado das mesmas, bem como pelos direitos autorais conexos e de propriedade intelectual que possam conter. Estas responsabilidades foram previamente asseguradas pelos detentores dos direitos das obras (produtores e\/ou distribuidores), e cabe a eles responder por quaisquer reclamos.\u00a0\u00a0\u00a0\u00a0\u00a0\u00a0\u00a0\u00a0\u00a0\u00a0<\/span><\/p><p><span style=\"font-weight: 400;\">\u00a0\u00a0\u00a0\u00a0\u00a0<\/span><\/p><ol start=\"4\"><li><span style=\"font-weight: 400;\"> Limita\u00e7\u00f5es<\/span><\/li><\/ol><p><span style=\"font-weight: 400;\">Em nenhum caso, a PLATAFORMA MERCOSUL AUDIOVISUAL ou seus fornecedores ser\u00e3o respons\u00e1veis \u200b\u200bpor quaisquer danos (incluindo, sem limita\u00e7\u00e3o, danos por perda de dados ou lucro ou devido a interrup\u00e7\u00e3o dos neg\u00f3cios) decorrentes do uso ou da incapacidade de usar os materiais na PLATAFORMA MERCOSUL AUDIOVISUAL, mesmo que a PLATAFORMA MERCOSUL AUDIOVISUAL ou um representante autorizado da PLATAFORMA MERCOSUL AUDIOVISUAL tenha sido notificado oralmente ou por escrito da possibilidade de tais danos. Como algumas jurisdi\u00e7\u00f5es n\u00e3o permitem limita\u00e7\u00f5es em garantias impl\u00edcitas, ou limita\u00e7\u00f5es de responsabilidade por danos consequentes ou incidentais, essas limita\u00e7\u00f5es podem n\u00e3o se aplicar a voc\u00ea.<\/span><\/p><p>\u00a0<\/p><ol start=\"5\"><li><span style=\"font-weight: 400;\"> Precis\u00e3o dos materiais<\/span><\/li><\/ol><p><span style=\"font-weight: 400;\">Os materiais exibidos no site da PLATAFORMA MERCOSUL AUDIOVISUAL podem incluir erros t\u00e9cnicos, tipogr\u00e1ficos ou fotogr\u00e1ficos. A PLATAFORMA MERCOSUL AUDIOVISUAL n\u00e3o garante que qualquer material em seu site seja preciso, completo ou atual. A PLATAFORMA MERCOSUL AUDIOVISUAL pode fazer altera\u00e7\u00f5es na oferta de materiais contidos em seu site a qualquer momento, sem aviso pr\u00e9vio. No entanto, a PLATAFORMA MERCOSUL AUDIOVISUAL n\u00e3o se compromete a atualizar os materiais.\u00a0\u00a0\u00a0\u00a0\u00a0<\/span><\/p><p>\u00a0<\/p><ol start=\"6\"><li><span style=\"font-weight: 400;\"> Links<\/span><\/li><\/ol><p><span style=\"font-weight: 400;\">A PLATAFORMA MERCOSUL AUDIOVISUAL n\u00e3o analisou todos os sites vinculados ao seu site e n\u00e3o \u00e9 respons\u00e1vel pelo conte\u00fado de nenhum site vinculado. A inclus\u00e3o de qualquer link n\u00e3o implica endosso pela PLATAFORMA MERCOSUL AUDIOVISUAL do site. O uso de qualquer site vinculado \u00e9 por conta e risco do usu\u00e1rio.<\/span><\/p><p>\u00a0<\/p><ol start=\"7\"><li><span style=\"font-weight: 400;\"> Modifica\u00e7\u00f5es<\/span><\/li><\/ol><p><span style=\"font-weight: 400;\">A PLATAFORMA MERCOSUL AUDIOVISUAL pode revisar estes termos de servi\u00e7o do site a qualquer momento, sem aviso pr\u00e9vio. Ao usar este site, voc\u00ea concorda em ficar vinculado \u00e0 vers\u00e3o atual desses termos de servi\u00e7o.<\/span><\/p><p>\u00a0<\/p><ol start=\"8\"><li><span style=\"font-weight: 400;\"> Disponibilidade<\/span><\/li><\/ol><p><span style=\"font-weight: 400;\">A PLATAFORMA MERCOSUL AUDIOVISUAL faz todos os esfor\u00e7os para garantir a disponibilidade e o acesso ao site vinte e quatro (24) horas por dia, durante todo o ano. Entretanto, os usu\u00e1rios aceitam que, em algumas ocasi\u00f5es, e devido a v\u00e1rias causas, tais como o fornecimento de novas conex\u00f5es, mudan\u00e7as no direcionamento e\/ou atualiza\u00e7\u00e3o das opera\u00e7\u00f5es de manuten\u00e7\u00e3o que, em geral, implicam na suspens\u00e3o do acesso ou uso da Plataforma, podem ocorrer interrup\u00e7\u00f5es durante o tempo necess\u00e1rio para realizar tais tarefas. A PLATAFORMA MERCOSUL AUDIOVISUAL em nenhum caso ser\u00e1 respons\u00e1vel por qualquer atraso, interrup\u00e7\u00e3o, erros, falhas t\u00e9cnicas ou pela indisponibilidade ou falha do site, nem ser\u00e1 respons\u00e1vel perante o usu\u00e1rio ou terceiros por qualquer dano direto ou indireto decorrente de tais eventos, nem ser\u00e1 respons\u00e1vel em nenhum caso e sob nenhuma circunst\u00e2ncia por quaisquer ataques ou incidentes contra a seguran\u00e7a da PLATAFORMA MERCOSUL AUDIOVISUAL ou seus sistemas de informa\u00e7\u00e3o ou por qualquer exposi\u00e7\u00e3o ou acesso n\u00e3o autorizado, fraudulento ou il\u00edcito \u00e0 Plataforma que possa afetar a confidencialidade, integridade ou autenticidade das informa\u00e7\u00f5es publicadas ou associadas ao conte\u00fado e servi\u00e7os oferecidos na PLATAFORMA MERCOSUL AUDIOVISUAL.<\/span><\/p><p>\u00a0<\/p><ol start=\"9\"><li><span style=\"font-weight: 400;\"> Lei aplic\u00e1vel<\/span><\/li><\/ol><p><span style=\"font-weight: 400;\">Estes termos e condi\u00e7\u00f5es s\u00e3o regidos e interpretados de acordo com as leis da PLATAFORMA MERCOSUL AUDIOVISUAL e voc\u00ea se submete irrevogavelmente \u00e0 jurisdi\u00e7\u00e3o exclusiva dos tribunais naquele estado ou localidade.<\/span><\/p><p>\u00a0<\/p><ol start=\"10\"><li><span style=\"font-weight: 400;\"> Contato<\/span><\/li><\/ol><p><span style=\"font-weight: 400;\">Se um usu\u00e1rio desejar fazer sugest\u00f5es a PLATAFORMA MERCOSUL AUDIOVISUAL para melhorar o conte\u00fado ou para qualquer consulta relacionada \u00e0 Plataforma e\/ou seus dados, favor enviar um e-mail para o seguinte endere\u00e7o set@recam.org. Todos os direitos reservados<\/span><\/p>\t\t\t\t\t\t\t\t<\/div>\n\t\t\t\t<\/div>\n\t\t\t\t\t<\/div>\n\t\t<\/div>\n\t\t\t\t\t<\/div>\n\t\t<\/section>\n\t\t\t\t<\/div>\n\t\t","protected":false},"excerpt":{"rendered":"<p>\u00a0 TERMOS DE USO \u00a0 Termos Ao acessar o site\u00a0PLATAFORMA MERCOSUL AUDIOVISUAL, voc\u00ea concorda em cumprir estes termos de servi\u00e7o, todas as leis e regulamentos aplic\u00e1veis \u200b\u200be concorda que \u00e9 respons\u00e1vel pelo cumprimento de todas as leis locais aplic\u00e1veis. Voc\u00ea tamb\u00e9m concorda em n\u00e3o se contrapor \u00e0 boa f\u00e9, \u00e0 ordem p\u00fablica e as legisla\u00e7\u00f5es [&hellip;]<\/p>\n","protected":false},"author":1,"featured_media":0,"parent":0,"menu_order":0,"comment_status":"closed","ping_status":"closed","template":"elementor_header_footer","meta":{"_acf_changed":false,"_monsterinsights_skip_tracking":false,"_monsterinsights_sitenote_active":false,"_monsterinsights_sitenote_note":"","_monsterinsights_sitenote_category":0,"_joinchat":[],"footnotes":""},"class_list":["post-1267","page","type-page","status-publish","hentry"],"acf":[],"yoast_head":"<!-- This site is optimized with the Yoast SEO plugin v25.0 - https:\/\/yoast.com\/wordpress\/plugins\/seo\/ -->\n<title>Termos de Uso - Plataforma Mercosur Audiovisual<\/title>\n<meta name=\"robots\" content=\"index, follow, max-snippet:-1, max-image-preview:large, max-video-preview:-1\" \/>\n<link rel=\"canonical\" href=\"https:\/\/play.mercosuraudiovisual.org\/pt-br\/termos-de-uso\/\" \/>\n<meta property=\"og:locale\" content=\"pt_BR\" \/>\n<meta property=\"og:type\" content=\"article\" \/>\n<meta property=\"og:title\" content=\"Termos de Uso - Plataforma Mercosur Audiovisual\" \/>\n<meta property=\"og:description\" content=\"\u00a0 TERMOS DE USO \u00a0 Termos Ao acessar o site\u00a0PLATAFORMA MERCOSUL AUDIOVISUAL, voc\u00ea concorda em cumprir estes termos de servi\u00e7o, todas as leis e regulamentos aplic\u00e1veis \u200b\u200be concorda que \u00e9 respons\u00e1vel pelo cumprimento de todas as leis locais aplic\u00e1veis. Voc\u00ea tamb\u00e9m concorda em n\u00e3o se contrapor \u00e0 boa f\u00e9, \u00e0 ordem p\u00fablica e as legisla\u00e7\u00f5es [&hellip;]\" \/>\n<meta property=\"og:url\" content=\"https:\/\/play.mercosuraudiovisual.org\/pt-br\/termos-de-uso\/\" \/>\n<meta property=\"og:site_name\" content=\"Plataforma Mercosur Audiovisual\" \/>\n<meta property=\"article:publisher\" content=\"https:\/\/www.facebook.com\/recam.mercosur\/\" \/>\n<meta property=\"article:modified_time\" content=\"2024-03-11T20:51:18+00:00\" \/>\n<meta property=\"og:image\" content=\"https:\/\/play.mercosuraudiovisual.org\/wp-content\/uploads\/2023\/03\/recam-seo.jpg\" \/>\n\t<meta property=\"og:image:width\" content=\"1200\" \/>\n\t<meta property=\"og:image:height\" content=\"675\" \/>\n\t<meta property=\"og:image:type\" content=\"image\/jpeg\" \/>\n<meta name=\"twitter:card\" content=\"summary_large_image\" \/>\n<meta name=\"twitter:site\" content=\"@recam_mercosur\" \/>\n<meta name=\"twitter:label1\" content=\"Est. tempo de leitura\" \/>\n\t<meta name=\"twitter:data1\" content=\"5 minutos\" \/>\n<script type=\"application\/ld+json\" class=\"yoast-schema-graph\">{\"@context\":\"https:\/\/schema.org\",\"@graph\":[{\"@type\":\"WebPage\",\"@id\":\"https:\/\/play.mercosuraudiovisual.org\/pt-br\/termos-de-uso\/\",\"url\":\"https:\/\/play.mercosuraudiovisual.org\/pt-br\/termos-de-uso\/\",\"name\":\"Termos de Uso - Plataforma Mercosur Audiovisual\",\"isPartOf\":{\"@id\":\"https:\/\/play.mercosuraudiovisual.org\/pt-br\/#website\"},\"datePublished\":\"2022-03-24T15:22:02+00:00\",\"dateModified\":\"2024-03-11T20:51:18+00:00\",\"breadcrumb\":{\"@id\":\"https:\/\/play.mercosuraudiovisual.org\/pt-br\/termos-de-uso\/#breadcrumb\"},\"inLanguage\":\"pt-BR\",\"potentialAction\":[{\"@type\":\"ReadAction\",\"target\":[\"https:\/\/play.mercosuraudiovisual.org\/pt-br\/termos-de-uso\/\"]}]},{\"@type\":\"BreadcrumbList\",\"@id\":\"https:\/\/play.mercosuraudiovisual.org\/pt-br\/termos-de-uso\/#breadcrumb\",\"itemListElement\":[{\"@type\":\"ListItem\",\"position\":1,\"name\":\"In\u00edcio\",\"item\":\"https:\/\/play.mercosuraudiovisual.org\/pt-br\/\"},{\"@type\":\"ListItem\",\"position\":2,\"name\":\"Termos de Uso\"}]},{\"@type\":\"WebSite\",\"@id\":\"https:\/\/play.mercosuraudiovisual.org\/pt-br\/#website\",\"url\":\"https:\/\/play.mercosuraudiovisual.org\/pt-br\/\",\"name\":\"Plataforma Mercosur Audiovisual\",\"description\":\"Um programa de Mercosur RECAM\",\"publisher\":{\"@id\":\"https:\/\/play.mercosuraudiovisual.org\/pt-br\/#organization\"},\"potentialAction\":[{\"@type\":\"SearchAction\",\"target\":{\"@type\":\"EntryPoint\",\"urlTemplate\":\"https:\/\/play.mercosuraudiovisual.org\/pt-br\/?s={search_term_string}\"},\"query-input\":{\"@type\":\"PropertyValueSpecification\",\"valueRequired\":true,\"valueName\":\"search_term_string\"}}],\"inLanguage\":\"pt-BR\"},{\"@type\":\"Organization\",\"@id\":\"https:\/\/play.mercosuraudiovisual.org\/pt-br\/#organization\",\"name\":\"Plataforma Mercosur Audiovisual\",\"alternateName\":\"RECAM\",\"url\":\"https:\/\/play.mercosuraudiovisual.org\/pt-br\/\",\"logo\":{\"@type\":\"ImageObject\",\"inLanguage\":\"pt-BR\",\"@id\":\"https:\/\/play.mercosuraudiovisual.org\/pt-br\/#\/schema\/logo\/image\/\",\"url\":\"https:\/\/play.mercosuraudiovisual.org\/wp-content\/uploads\/2022\/12\/Logo-Plataforma-RECAM-final.png\",\"contentUrl\":\"https:\/\/play.mercosuraudiovisual.org\/wp-content\/uploads\/2022\/12\/Logo-Plataforma-RECAM-final.png\",\"width\":823,\"height\":180,\"caption\":\"Plataforma Mercosur Audiovisual\"},\"image\":{\"@id\":\"https:\/\/play.mercosuraudiovisual.org\/pt-br\/#\/schema\/logo\/image\/\"},\"sameAs\":[\"https:\/\/www.facebook.com\/recam.mercosur\/\",\"https:\/\/x.com\/recam_mercosur\",\"https:\/\/www.instagram.com\/mercosulaudiovisual\/\",\"https:\/\/www.youtube.com\/user\/VideoRecam\/videos\"]}]}<\/script>\n<!-- \/ Yoast SEO plugin. -->","yoast_head_json":{"title":"Termos de Uso - Plataforma Mercosur Audiovisual","robots":{"index":"index","follow":"follow","max-snippet":"max-snippet:-1","max-image-preview":"max-image-preview:large","max-video-preview":"max-video-preview:-1"},"canonical":"https:\/\/play.mercosuraudiovisual.org\/pt-br\/termos-de-uso\/","og_locale":"pt_BR","og_type":"article","og_title":"Termos de Uso - Plataforma Mercosur Audiovisual","og_description":"\u00a0 TERMOS DE USO \u00a0 Termos Ao acessar o site\u00a0PLATAFORMA MERCOSUL AUDIOVISUAL, voc\u00ea concorda em cumprir estes termos de servi\u00e7o, todas as leis e regulamentos aplic\u00e1veis \u200b\u200be concorda que \u00e9 respons\u00e1vel pelo cumprimento de todas as leis locais aplic\u00e1veis. Voc\u00ea tamb\u00e9m concorda em n\u00e3o se contrapor \u00e0 boa f\u00e9, \u00e0 ordem p\u00fablica e as legisla\u00e7\u00f5es [&hellip;]","og_url":"https:\/\/play.mercosuraudiovisual.org\/pt-br\/termos-de-uso\/","og_site_name":"Plataforma Mercosur Audiovisual","article_publisher":"https:\/\/www.facebook.com\/recam.mercosur\/","article_modified_time":"2024-03-11T20:51:18+00:00","og_image":[{"width":1200,"height":675,"url":"https:\/\/play.mercosuraudiovisual.org\/wp-content\/uploads\/2023\/03\/recam-seo.jpg","type":"image\/jpeg"}],"twitter_card":"summary_large_image","twitter_site":"@recam_mercosur","twitter_misc":{"Est. tempo de leitura":"5 minutos"},"schema":{"@context":"https:\/\/schema.org","@graph":[{"@type":"WebPage","@id":"https:\/\/play.mercosuraudiovisual.org\/pt-br\/termos-de-uso\/","url":"https:\/\/play.mercosuraudiovisual.org\/pt-br\/termos-de-uso\/","name":"Termos de Uso - Plataforma Mercosur Audiovisual","isPartOf":{"@id":"https:\/\/play.mercosuraudiovisual.org\/pt-br\/#website"},"datePublished":"2022-03-24T15:22:02+00:00","dateModified":"2024-03-11T20:51:18+00:00","breadcrumb":{"@id":"https:\/\/play.mercosuraudiovisual.org\/pt-br\/termos-de-uso\/#breadcrumb"},"inLanguage":"pt-BR","potentialAction":[{"@type":"ReadAction","target":["https:\/\/play.mercosuraudiovisual.org\/pt-br\/termos-de-uso\/"]}]},{"@type":"BreadcrumbList","@id":"https:\/\/play.mercosuraudiovisual.org\/pt-br\/termos-de-uso\/#breadcrumb","itemListElement":[{"@type":"ListItem","position":1,"name":"In\u00edcio","item":"https:\/\/play.mercosuraudiovisual.org\/pt-br\/"},{"@type":"ListItem","position":2,"name":"Termos de Uso"}]},{"@type":"WebSite","@id":"https:\/\/play.mercosuraudiovisual.org\/pt-br\/#website","url":"https:\/\/play.mercosuraudiovisual.org\/pt-br\/","name":"Plataforma Mercosur Audiovisual","description":"Um programa de Mercosur RECAM","publisher":{"@id":"https:\/\/play.mercosuraudiovisual.org\/pt-br\/#organization"},"potentialAction":[{"@type":"SearchAction","target":{"@type":"EntryPoint","urlTemplate":"https:\/\/play.mercosuraudiovisual.org\/pt-br\/?s={search_term_string}"},"query-input":{"@type":"PropertyValueSpecification","valueRequired":true,"valueName":"search_term_string"}}],"inLanguage":"pt-BR"},{"@type":"Organization","@id":"https:\/\/play.mercosuraudiovisual.org\/pt-br\/#organization","name":"Plataforma Mercosur Audiovisual","alternateName":"RECAM","url":"https:\/\/play.mercosuraudiovisual.org\/pt-br\/","logo":{"@type":"ImageObject","inLanguage":"pt-BR","@id":"https:\/\/play.mercosuraudiovisual.org\/pt-br\/#\/schema\/logo\/image\/","url":"https:\/\/play.mercosuraudiovisual.org\/wp-content\/uploads\/2022\/12\/Logo-Plataforma-RECAM-final.png","contentUrl":"https:\/\/play.mercosuraudiovisual.org\/wp-content\/uploads\/2022\/12\/Logo-Plataforma-RECAM-final.png","width":823,"height":180,"caption":"Plataforma Mercosur Audiovisual"},"image":{"@id":"https:\/\/play.mercosuraudiovisual.org\/pt-br\/#\/schema\/logo\/image\/"},"sameAs":["https:\/\/www.facebook.com\/recam.mercosur\/","https:\/\/x.com\/recam_mercosur","https:\/\/www.instagram.com\/mercosulaudiovisual\/","https:\/\/www.youtube.com\/user\/VideoRecam\/videos"]}]}},"_links":{"self":[{"href":"https:\/\/play.mercosuraudiovisual.org\/pt-br\/wp-json\/wp\/v2\/pages\/1267","targetHints":{"allow":["GET"]}}],"collection":[{"href":"https:\/\/play.mercosuraudiovisual.org\/pt-br\/wp-json\/wp\/v2\/pages"}],"about":[{"href":"https:\/\/play.mercosuraudiovisual.org\/pt-br\/wp-json\/wp\/v2\/types\/page"}],"author":[{"embeddable":true,"href":"https:\/\/play.mercosuraudiovisual.org\/pt-br\/wp-json\/wp\/v2\/users\/1"}],"replies":[{"embeddable":true,"href":"https:\/\/play.mercosuraudiovisual.org\/pt-br\/wp-json\/wp\/v2\/comments?post=1267"}],"version-history":[{"count":7,"href":"https:\/\/play.mercosuraudiovisual.org\/pt-br\/wp-json\/wp\/v2\/pages\/1267\/revisions"}],"predecessor-version":[{"id":2462,"href":"https:\/\/play.mercosuraudiovisual.org\/pt-br\/wp-json\/wp\/v2\/pages\/1267\/revisions\/2462"}],"wp:attachment":[{"href":"https:\/\/play.mercosuraudiovisual.org\/pt-br\/wp-json\/wp\/v2\/media?parent=1267"}],"curies":[{"name":"wp","href":"https:\/\/api.w.org\/{rel}","templated":true}]}}