{"id":1253,"date":"2022-05-23T16:33:53","date_gmt":"2022-05-23T16:33:53","guid":{"rendered":"https:\/\/recam.venuswp.com.br\/contacto\/"},"modified":"2024-03-11T20:56:59","modified_gmt":"2024-03-11T20:56:59","slug":"contato","status":"publish","type":"page","link":"https:\/\/play.mercosuraudiovisual.org\/pt-br\/contato\/","title":{"rendered":"Contato"},"content":{"rendered":"\t\t<div data-elementor-type=\"wp-page\" data-elementor-id=\"1253\" class=\"elementor elementor-1253 elementor-579\" data-elementor-settings=\"{&quot;ha_cmc_init_switcher&quot;:&quot;no&quot;}\" data-elementor-post-type=\"page\">\n\t\t\t\t\t\t<section class=\"elementor-section elementor-top-section elementor-element elementor-element-f6ca622 elementor-section-boxed elementor-section-height-default elementor-section-height-default\" data-id=\"f6ca622\" data-element_type=\"section\" id=\"content\">\n\t\t\t\t\t\t<div class=\"elementor-container elementor-column-gap-default\">\n\t\t\t\t\t<div class=\"elementor-column elementor-col-100 elementor-top-column elementor-element elementor-element-f11c1e0\" data-id=\"f11c1e0\" data-element_type=\"column\">\n\t\t\t<div class=\"elementor-widget-wrap elementor-element-populated\">\n\t\t\t\t\t\t<section class=\"elementor-section elementor-inner-section elementor-element elementor-element-a93522d elementor-section-boxed elementor-section-height-default elementor-section-height-default\" data-id=\"a93522d\" data-element_type=\"section\">\n\t\t\t\t\t\t<div class=\"elementor-container elementor-column-gap-default\">\n\t\t\t\t\t<div class=\"elementor-column elementor-col-100 elementor-inner-column elementor-element elementor-element-c2fecef\" data-id=\"c2fecef\" data-element_type=\"column\">\n\t\t\t<div class=\"elementor-widget-wrap elementor-element-populated\">\n\t\t\t\t\t\t<div class=\"elementor-element elementor-element-ad51837 elementor-widget elementor-widget-text-editor\" data-id=\"ad51837\" data-element_type=\"widget\" data-widget_type=\"text-editor.default\">\n\t\t\t\t<div class=\"elementor-widget-container\">\n\t\t\t\t\t\t\t\t\t<p><span style=\"font-weight: 400;\">Agradecemos seu interesse por este espa\u00e7o em constru\u00e7\u00e3o. Aguardamos seus coment\u00e1rios.<\/span><\/p>\t\t\t\t\t\t\t\t<\/div>\n\t\t\t\t<\/div>\n\t\t\t\t<div class=\"elementor-element elementor-element-eafa296 elementor-button-align-stretch elementor-widget elementor-widget-form\" data-id=\"eafa296\" data-element_type=\"widget\" data-settings=\"{&quot;step_next_label&quot;:&quot;Next&quot;,&quot;step_previous_label&quot;:&quot;Previous&quot;,&quot;button_width&quot;:&quot;100&quot;,&quot;step_type&quot;:&quot;number_text&quot;,&quot;step_icon_shape&quot;:&quot;circle&quot;}\" data-widget_type=\"form.default\">\n\t\t\t\t<div class=\"elementor-widget-container\">\n\t\t\t\t\t\t\t<form class=\"elementor-form\" method=\"post\" name=\"Contacto\">\n\t\t\t<input type=\"hidden\" name=\"post_id\" value=\"1253\"\/>\n\t\t\t<input type=\"hidden\" name=\"form_id\" value=\"eafa296\"\/>\n\t\t\t<input type=\"hidden\" name=\"referer_title\" value=\"Plataforma Mercosur Audiovisual\" \/>\n\n\t\t\t\n\t\t\t<div class=\"elementor-form-fields-wrapper elementor-labels-above\">\n\t\t\t\t\t\t\t\t<div class=\"elementor-field-type-text elementor-field-group elementor-column elementor-field-group-name elementor-col-50 elementor-field-required elementor-mark-required\">\n\t\t\t\t\t\t\t\t\t\t\t\t<label for=\"form-field-name\" class=\"elementor-field-label\">\n\t\t\t\t\t\t\t\tNome\t\t\t\t\t\t\t<\/label>\n\t\t\t\t\t\t\t\t\t\t\t\t\t\t<input size=\"1\" type=\"text\" name=\"form_fields[name]\" id=\"form-field-name\" class=\"elementor-field elementor-size-sm  elementor-field-textual\" placeholder=\"Nome\" required=\"required\">\n\t\t\t\t\t\t\t\t\t\t\t<\/div>\n\t\t\t\t\t\t\t\t<div class=\"elementor-field-type-email elementor-field-group elementor-column elementor-field-group-email elementor-col-50 elementor-field-required elementor-mark-required\">\n\t\t\t\t\t\t\t\t\t\t\t\t<label for=\"form-field-email\" class=\"elementor-field-label\">\n\t\t\t\t\t\t\t\tE-mail\t\t\t\t\t\t\t<\/label>\n\t\t\t\t\t\t\t\t\t\t\t\t\t\t<input size=\"1\" type=\"email\" name=\"form_fields[email]\" id=\"form-field-email\" class=\"elementor-field elementor-size-sm  elementor-field-textual\" placeholder=\"E-mail\" required=\"required\">\n\t\t\t\t\t\t\t\t\t\t\t<\/div>\n\t\t\t\t\t\t\t\t<div class=\"elementor-field-type-textarea elementor-field-group elementor-column elementor-field-group-message elementor-col-100 elementor-field-required elementor-mark-required\">\n\t\t\t\t\t\t\t\t\t\t\t\t<label for=\"form-field-message\" class=\"elementor-field-label\">\n\t\t\t\t\t\t\t\tMensagem\t\t\t\t\t\t\t<\/label>\n\t\t\t\t\t\t<textarea class=\"elementor-field-textual elementor-field  elementor-size-sm\" name=\"form_fields[message]\" id=\"form-field-message\" rows=\"4\" placeholder=\"Mensagem\" required=\"required\"><\/textarea>\t\t\t\t<\/div>\n\t\t\t\t\t\t\t\t<div class=\"elementor-field-type-recaptcha_v3 elementor-field-group elementor-column elementor-field-group-field_aec367a elementor-col-100 recaptcha_v3-bottomright\">\n\t\t\t\t\t<div class=\"elementor-field\" id=\"form-field-field_aec367a\"><div class=\"elementor-g-recaptcha\" data-sitekey=\"6Ldcl-MqAAAAAF4sq-qoyFKKyhjC3vsbcj8jaWl4\" data-type=\"v3\" data-action=\"Form\" data-badge=\"bottomright\" data-size=\"invisible\"><\/div><\/div>\t\t\t\t<\/div>\n\t\t\t\t\t\t\t\t<div class=\"elementor-field-group elementor-column elementor-field-type-submit elementor-col-100 e-form__buttons\">\n\t\t\t\t\t<button class=\"elementor-button elementor-size-sm\" type=\"submit\">\n\t\t\t\t\t\t<span class=\"elementor-button-content-wrapper\">\n\t\t\t\t\t\t\t\t\t\t\t\t\t\t\t\t\t\t\t\t\t\t<span class=\"elementor-button-text\">Enviar<\/span>\n\t\t\t\t\t\t\t\t\t\t\t\t\t<\/span>\n\t\t\t\t\t<\/button>\n\t\t\t\t<\/div>\n\t\t\t<\/div>\n\t\t<\/form>\n\t\t\t\t\t\t<\/div>\n\t\t\t\t<\/div>\n\t\t\t\t\t<\/div>\n\t\t<\/div>\n\t\t\t\t\t<\/div>\n\t\t<\/section>\n\t\t\t\t\t<\/div>\n\t\t<\/div>\n\t\t\t\t\t<\/div>\n\t\t<\/section>\n\t\t\t\t<\/div>\n\t\t","protected":false},"excerpt":{"rendered":"<p>Agradecemos seu interesse por este espa\u00e7o em constru\u00e7\u00e3o. Aguardamos seus coment\u00e1rios.<\/p>\n","protected":false},"author":2,"featured_media":0,"parent":0,"menu_order":0,"comment_status":"closed","ping_status":"closed","template":"elementor_header_footer","meta":{"_acf_changed":false,"_monsterinsights_skip_tracking":false,"_monsterinsights_sitenote_active":false,"_monsterinsights_sitenote_note":"","_monsterinsights_sitenote_category":0,"_joinchat":[],"footnotes":""},"class_list":["post-1253","page","type-page","status-publish","hentry"],"acf":[],"yoast_head":"<!-- This site is optimized with the Yoast SEO plugin v25.0 - https:\/\/yoast.com\/wordpress\/plugins\/seo\/ -->\n<title>Contato - Plataforma Mercosur Audiovisual<\/title>\n<meta name=\"description\" content=\"Entre em contato com a gente.\" \/>\n<meta name=\"robots\" content=\"index, follow, max-snippet:-1, max-image-preview:large, max-video-preview:-1\" \/>\n<link rel=\"canonical\" href=\"https:\/\/play.mercosuraudiovisual.org\/pt-br\/contato\/\" \/>\n<meta property=\"og:locale\" content=\"pt_BR\" \/>\n<meta property=\"og:type\" content=\"article\" \/>\n<meta property=\"og:title\" content=\"Contato - Plataforma Mercosur Audiovisual\" \/>\n<meta property=\"og:description\" content=\"Entre em contato com a gente.\" \/>\n<meta property=\"og:url\" content=\"https:\/\/play.mercosuraudiovisual.org\/pt-br\/contato\/\" \/>\n<meta property=\"og:site_name\" content=\"Plataforma Mercosur Audiovisual\" \/>\n<meta property=\"article:publisher\" content=\"https:\/\/www.facebook.com\/recam.mercosur\/\" \/>\n<meta property=\"article:modified_time\" content=\"2024-03-11T20:56:59+00:00\" \/>\n<meta property=\"og:image\" content=\"https:\/\/play.mercosuraudiovisual.org\/wp-content\/uploads\/2023\/03\/recam-seo.jpg\" \/>\n\t<meta property=\"og:image:width\" content=\"1200\" \/>\n\t<meta property=\"og:image:height\" content=\"675\" \/>\n\t<meta property=\"og:image:type\" content=\"image\/jpeg\" \/>\n<meta name=\"twitter:card\" content=\"summary_large_image\" \/>\n<meta name=\"twitter:site\" content=\"@recam_mercosur\" \/>\n<meta name=\"twitter:label1\" content=\"Est. tempo de leitura\" \/>\n\t<meta name=\"twitter:data1\" content=\"1 minuto\" \/>\n<script type=\"application\/ld+json\" class=\"yoast-schema-graph\">{\"@context\":\"https:\/\/schema.org\",\"@graph\":[{\"@type\":\"WebPage\",\"@id\":\"https:\/\/play.mercosuraudiovisual.org\/pt-br\/contato\/\",\"url\":\"https:\/\/play.mercosuraudiovisual.org\/pt-br\/contato\/\",\"name\":\"Contato - Plataforma Mercosur Audiovisual\",\"isPartOf\":{\"@id\":\"https:\/\/play.mercosuraudiovisual.org\/pt-br\/#website\"},\"datePublished\":\"2022-05-23T16:33:53+00:00\",\"dateModified\":\"2024-03-11T20:56:59+00:00\",\"description\":\"Entre em contato com a gente.\",\"breadcrumb\":{\"@id\":\"https:\/\/play.mercosuraudiovisual.org\/pt-br\/contato\/#breadcrumb\"},\"inLanguage\":\"pt-BR\",\"potentialAction\":[{\"@type\":\"ReadAction\",\"target\":[\"https:\/\/play.mercosuraudiovisual.org\/pt-br\/contato\/\"]}]},{\"@type\":\"BreadcrumbList\",\"@id\":\"https:\/\/play.mercosuraudiovisual.org\/pt-br\/contato\/#breadcrumb\",\"itemListElement\":[{\"@type\":\"ListItem\",\"position\":1,\"name\":\"In\u00edcio\",\"item\":\"https:\/\/play.mercosuraudiovisual.org\/pt-br\/\"},{\"@type\":\"ListItem\",\"position\":2,\"name\":\"Contato\"}]},{\"@type\":\"WebSite\",\"@id\":\"https:\/\/play.mercosuraudiovisual.org\/pt-br\/#website\",\"url\":\"https:\/\/play.mercosuraudiovisual.org\/pt-br\/\",\"name\":\"Plataforma Mercosur Audiovisual\",\"description\":\"Um programa de Mercosur RECAM\",\"publisher\":{\"@id\":\"https:\/\/play.mercosuraudiovisual.org\/pt-br\/#organization\"},\"potentialAction\":[{\"@type\":\"SearchAction\",\"target\":{\"@type\":\"EntryPoint\",\"urlTemplate\":\"https:\/\/play.mercosuraudiovisual.org\/pt-br\/?s={search_term_string}\"},\"query-input\":{\"@type\":\"PropertyValueSpecification\",\"valueRequired\":true,\"valueName\":\"search_term_string\"}}],\"inLanguage\":\"pt-BR\"},{\"@type\":\"Organization\",\"@id\":\"https:\/\/play.mercosuraudiovisual.org\/pt-br\/#organization\",\"name\":\"Plataforma Mercosur Audiovisual\",\"alternateName\":\"RECAM\",\"url\":\"https:\/\/play.mercosuraudiovisual.org\/pt-br\/\",\"logo\":{\"@type\":\"ImageObject\",\"inLanguage\":\"pt-BR\",\"@id\":\"https:\/\/play.mercosuraudiovisual.org\/pt-br\/#\/schema\/logo\/image\/\",\"url\":\"https:\/\/play.mercosuraudiovisual.org\/wp-content\/uploads\/2022\/12\/Logo-Plataforma-RECAM-final.png\",\"contentUrl\":\"https:\/\/play.mercosuraudiovisual.org\/wp-content\/uploads\/2022\/12\/Logo-Plataforma-RECAM-final.png\",\"width\":823,\"height\":180,\"caption\":\"Plataforma Mercosur Audiovisual\"},\"image\":{\"@id\":\"https:\/\/play.mercosuraudiovisual.org\/pt-br\/#\/schema\/logo\/image\/\"},\"sameAs\":[\"https:\/\/www.facebook.com\/recam.mercosur\/\",\"https:\/\/x.com\/recam_mercosur\",\"https:\/\/www.instagram.com\/mercosulaudiovisual\/\",\"https:\/\/www.youtube.com\/user\/VideoRecam\/videos\"]}]}<\/script>\n<!-- \/ Yoast SEO plugin. -->","yoast_head_json":{"title":"Contato - Plataforma Mercosur Audiovisual","description":"Entre em contato com a gente.","robots":{"index":"index","follow":"follow","max-snippet":"max-snippet:-1","max-image-preview":"max-image-preview:large","max-video-preview":"max-video-preview:-1"},"canonical":"https:\/\/play.mercosuraudiovisual.org\/pt-br\/contato\/","og_locale":"pt_BR","og_type":"article","og_title":"Contato - Plataforma Mercosur Audiovisual","og_description":"Entre em contato com a gente.","og_url":"https:\/\/play.mercosuraudiovisual.org\/pt-br\/contato\/","og_site_name":"Plataforma Mercosur Audiovisual","article_publisher":"https:\/\/www.facebook.com\/recam.mercosur\/","article_modified_time":"2024-03-11T20:56:59+00:00","og_image":[{"width":1200,"height":675,"url":"https:\/\/play.mercosuraudiovisual.org\/wp-content\/uploads\/2023\/03\/recam-seo.jpg","type":"image\/jpeg"}],"twitter_card":"summary_large_image","twitter_site":"@recam_mercosur","twitter_misc":{"Est. tempo de leitura":"1 minuto"},"schema":{"@context":"https:\/\/schema.org","@graph":[{"@type":"WebPage","@id":"https:\/\/play.mercosuraudiovisual.org\/pt-br\/contato\/","url":"https:\/\/play.mercosuraudiovisual.org\/pt-br\/contato\/","name":"Contato - Plataforma Mercosur Audiovisual","isPartOf":{"@id":"https:\/\/play.mercosuraudiovisual.org\/pt-br\/#website"},"datePublished":"2022-05-23T16:33:53+00:00","dateModified":"2024-03-11T20:56:59+00:00","description":"Entre em contato com a gente.","breadcrumb":{"@id":"https:\/\/play.mercosuraudiovisual.org\/pt-br\/contato\/#breadcrumb"},"inLanguage":"pt-BR","potentialAction":[{"@type":"ReadAction","target":["https:\/\/play.mercosuraudiovisual.org\/pt-br\/contato\/"]}]},{"@type":"BreadcrumbList","@id":"https:\/\/play.mercosuraudiovisual.org\/pt-br\/contato\/#breadcrumb","itemListElement":[{"@type":"ListItem","position":1,"name":"In\u00edcio","item":"https:\/\/play.mercosuraudiovisual.org\/pt-br\/"},{"@type":"ListItem","position":2,"name":"Contato"}]},{"@type":"WebSite","@id":"https:\/\/play.mercosuraudiovisual.org\/pt-br\/#website","url":"https:\/\/play.mercosuraudiovisual.org\/pt-br\/","name":"Plataforma Mercosur Audiovisual","description":"Um programa de Mercosur RECAM","publisher":{"@id":"https:\/\/play.mercosuraudiovisual.org\/pt-br\/#organization"},"potentialAction":[{"@type":"SearchAction","target":{"@type":"EntryPoint","urlTemplate":"https:\/\/play.mercosuraudiovisual.org\/pt-br\/?s={search_term_string}"},"query-input":{"@type":"PropertyValueSpecification","valueRequired":true,"valueName":"search_term_string"}}],"inLanguage":"pt-BR"},{"@type":"Organization","@id":"https:\/\/play.mercosuraudiovisual.org\/pt-br\/#organization","name":"Plataforma Mercosur Audiovisual","alternateName":"RECAM","url":"https:\/\/play.mercosuraudiovisual.org\/pt-br\/","logo":{"@type":"ImageObject","inLanguage":"pt-BR","@id":"https:\/\/play.mercosuraudiovisual.org\/pt-br\/#\/schema\/logo\/image\/","url":"https:\/\/play.mercosuraudiovisual.org\/wp-content\/uploads\/2022\/12\/Logo-Plataforma-RECAM-final.png","contentUrl":"https:\/\/play.mercosuraudiovisual.org\/wp-content\/uploads\/2022\/12\/Logo-Plataforma-RECAM-final.png","width":823,"height":180,"caption":"Plataforma Mercosur Audiovisual"},"image":{"@id":"https:\/\/play.mercosuraudiovisual.org\/pt-br\/#\/schema\/logo\/image\/"},"sameAs":["https:\/\/www.facebook.com\/recam.mercosur\/","https:\/\/x.com\/recam_mercosur","https:\/\/www.instagram.com\/mercosulaudiovisual\/","https:\/\/www.youtube.com\/user\/VideoRecam\/videos"]}]}},"_links":{"self":[{"href":"https:\/\/play.mercosuraudiovisual.org\/pt-br\/wp-json\/wp\/v2\/pages\/1253","targetHints":{"allow":["GET"]}}],"collection":[{"href":"https:\/\/play.mercosuraudiovisual.org\/pt-br\/wp-json\/wp\/v2\/pages"}],"about":[{"href":"https:\/\/play.mercosuraudiovisual.org\/pt-br\/wp-json\/wp\/v2\/types\/page"}],"author":[{"embeddable":true,"href":"https:\/\/play.mercosuraudiovisual.org\/pt-br\/wp-json\/wp\/v2\/users\/2"}],"replies":[{"embeddable":true,"href":"https:\/\/play.mercosuraudiovisual.org\/pt-br\/wp-json\/wp\/v2\/comments?post=1253"}],"version-history":[{"count":20,"href":"https:\/\/play.mercosuraudiovisual.org\/pt-br\/wp-json\/wp\/v2\/pages\/1253\/revisions"}],"predecessor-version":[{"id":2477,"href":"https:\/\/play.mercosuraudiovisual.org\/pt-br\/wp-json\/wp\/v2\/pages\/1253\/revisions\/2477"}],"wp:attachment":[{"href":"https:\/\/play.mercosuraudiovisual.org\/pt-br\/wp-json\/wp\/v2\/media?parent=1253"}],"curies":[{"name":"wp","href":"https:\/\/api.w.org\/{rel}","templated":true}]}}