{"id":1246,"date":"2022-03-24T14:48:07","date_gmt":"2022-03-24T14:48:07","guid":{"rendered":"https:\/\/recam.venuswp.com.br\/home\/"},"modified":"2025-12-24T15:48:45","modified_gmt":"2025-12-24T15:48:45","slug":"home","status":"publish","type":"page","link":"https:\/\/play.mercosuraudiovisual.org\/pt-br\/","title":{"rendered":"Home"},"content":{"rendered":"\t\t<div data-elementor-type=\"wp-page\" data-elementor-id=\"1246\" class=\"elementor elementor-1246 elementor-14\" data-elementor-settings=\"{&quot;ha_cmc_init_switcher&quot;:&quot;no&quot;}\" data-elementor-post-type=\"page\">\n\t\t\t\t\t\t<section class=\"elementor-section elementor-top-section elementor-element elementor-element-9277501 elementor-section-boxed elementor-section-height-default elementor-section-height-default\" data-id=\"9277501\" data-element_type=\"section\" id=\"content\" data-settings=\"{&quot;background_background&quot;:&quot;classic&quot;}\">\n\t\t\t\t\t\t\t<div class=\"elementor-background-overlay\"><\/div>\n\t\t\t\t\t\t\t<div class=\"elementor-container elementor-column-gap-default\">\n\t\t\t\t\t<div class=\"elementor-column elementor-col-100 elementor-top-column elementor-element elementor-element-5727a2b\" data-id=\"5727a2b\" data-element_type=\"column\">\n\t\t\t<div class=\"elementor-widget-wrap elementor-element-populated\">\n\t\t\t\t\t\t<div class=\"elementor-element elementor-element-2a8e900 elementor-widget elementor-widget-heading\" data-id=\"2a8e900\" data-element_type=\"widget\" data-widget_type=\"heading.default\">\n\t\t\t\t<div class=\"elementor-widget-container\">\n\t\t\t\t\t<h1 class=\"elementor-heading-title elementor-size-default\">CICLO: INF\u00c2NCIAS E IMAGINA\u00c7\u00c3O<\/h1>\t\t\t\t<\/div>\n\t\t\t\t<\/div>\n\t\t\t\t<div class=\"elementor-element elementor-element-bd9dfef elementor-widget elementor-widget-heading\" data-id=\"bd9dfef\" data-element_type=\"widget\" data-widget_type=\"heading.default\">\n\t\t\t\t<div class=\"elementor-widget-container\">\n\t\t\t\t\t<h2 class=\"elementor-heading-title elementor-size-default\"><br>Este ciclo celebra o universo infantil por meio de hist\u00f3rias de descoberta, fantasia e crescimento. Com narrativas que refletem sobre as rela\u00e7\u00f5es humanas, os curtas exploram como as crian\u00e7as interagem com o mundo ao seu redor. S\u00e3o hist\u00f3rias que falam sobre curiosidade, amizade e conex\u00e3o com o ambiente, abordando temas como a valoriza\u00e7\u00e3o da natureza, o resgate de tradi\u00e7\u00f5es culturais e a for\u00e7a da imagina\u00e7\u00e3o. Os personagens nos convidam a refletir sobre os desafios e as maravilhas do crescimento, apresentando um olhar sens\u00edvel sobre o poder da perspectiva infantil e sua capacidade de reinventar o mundo.\n<\/BR><\/BR>\n<\/h2>\t\t\t\t<\/div>\n\t\t\t\t<\/div>\n\t\t\t\t<div class=\"elementor-element elementor-element-ec2d69c elementor-widget elementor-widget-video\" data-id=\"ec2d69c\" data-element_type=\"widget\" data-settings=\"{&quot;video_type&quot;:&quot;vimeo&quot;,&quot;autoplay&quot;:&quot;yes&quot;}\" data-widget_type=\"video.default\">\n\t\t\t\t<div class=\"elementor-widget-container\">\n\t\t\t\t\t\t\t<div class=\"elementor-wrapper elementor-open-inline\">\n\t\t\t<iframe class=\"elementor-video-iframe\" allowfullscreen allow=\"autoplay\" title=\"Reprodutor de v\u00eddeo vimeo\" src=\"https:\/\/player.vimeo.com\/video\/1149194305?autoplay=1&amp;color&amp;autopause=0&amp;loop=0&amp;muted=0&amp;title=1&amp;portrait=1&amp;byline=1#t=\"><\/iframe>\t\t<\/div>\n\t\t\t\t\t\t<\/div>\n\t\t\t\t<\/div>\n\t\t\t\t<div class=\"elementor-element elementor-element-6be4805 elementor-align-center button-ajustar-aria elementor-widget elementor-widget-button\" data-id=\"6be4805\" data-element_type=\"widget\" aria-hidden=\"true\" data-widget_type=\"button.default\">\n\t\t\t\t<div class=\"elementor-widget-container\">\n\t\t\t\t\t\t\t\t\t<div class=\"elementor-button-wrapper\">\n\t\t\t\t\t<a class=\"elementor-button elementor-button-link elementor-size-sm\" href=\"#secao-cortos\">\n\t\t\t\t\t\t<span class=\"elementor-button-content-wrapper\">\n\t\t\t\t\t\t<span class=\"elementor-button-icon\">\n\t\t\t\t<i aria-hidden=\"true\" class=\"fas fa-chevron-down\"><\/i>\t\t\t<\/span>\n\t\t\t\t\t\t\t\t\t<span class=\"elementor-button-text\">ver os curtas do ciclo<\/span>\n\t\t\t\t\t<\/span>\n\t\t\t\t\t<\/a>\n\t\t\t\t<\/div>\n\t\t\t\t\t\t\t\t<\/div>\n\t\t\t\t<\/div>\n\t\t\t\t\t<\/div>\n\t\t<\/div>\n\t\t\t\t\t<\/div>\n\t\t<\/section>\n\t\t\t\t<section class=\"elementor-section elementor-top-section elementor-element elementor-element-b2359e8 elementor-section-boxed elementor-section-height-default elementor-section-height-default\" data-id=\"b2359e8\" data-element_type=\"section\" id=\"secao-cortos\" data-settings=\"{&quot;background_background&quot;:&quot;classic&quot;}\">\n\t\t\t\t\t\t<div class=\"elementor-container elementor-column-gap-default\">\n\t\t\t\t\t<div class=\"elementor-column elementor-col-100 elementor-top-column elementor-element elementor-element-5674794\" data-id=\"5674794\" data-element_type=\"column\">\n\t\t\t<div class=\"elementor-widget-wrap elementor-element-populated\">\n\t\t\t\t\t\t<div class=\"elementor-element elementor-element-41c7e6c elementor-widget elementor-widget-heading\" data-id=\"41c7e6c\" data-element_type=\"widget\" data-widget_type=\"heading.default\">\n\t\t\t\t<div class=\"elementor-widget-container\">\n\t\t\t\t\t<h2 class=\"elementor-heading-title elementor-size-default\">Curtas do CICLO<\/h2>\t\t\t\t<\/div>\n\t\t\t\t<\/div>\n\t\t\t\t<div class=\"elementor-element elementor-element-a1f58f6 elementor-grid-2 elementor-posts--thumbnail-top elementor-grid-tablet-2 elementor-grid-mobile-1 elementor-widget elementor-widget-posts\" data-id=\"a1f58f6\" data-element_type=\"widget\" id=\"lista-filmes\" data-settings=\"{&quot;custom_columns&quot;:&quot;2&quot;,&quot;custom_row_gap&quot;:{&quot;unit&quot;:&quot;px&quot;,&quot;size&quot;:45,&quot;sizes&quot;:[]},&quot;custom_columns_tablet&quot;:&quot;2&quot;,&quot;custom_columns_mobile&quot;:&quot;1&quot;,&quot;custom_row_gap_tablet&quot;:{&quot;unit&quot;:&quot;px&quot;,&quot;size&quot;:&quot;&quot;,&quot;sizes&quot;:[]},&quot;custom_row_gap_mobile&quot;:{&quot;unit&quot;:&quot;px&quot;,&quot;size&quot;:&quot;&quot;,&quot;sizes&quot;:[]}}\" data-widget_type=\"posts.custom\">\n\t\t\t\t<div class=\"elementor-widget-container\">\n\t\t\t\t\t      <div class=\"ecs-posts elementor-posts-container elementor-posts   elementor-grid elementor-posts--skin-custom\" data-settings=\"{&quot;current_page&quot;:1,&quot;max_num_pages&quot;:0,&quot;load_method&quot;:&quot;&quot;,&quot;widget_id&quot;:&quot;a1f58f6&quot;,&quot;post_id&quot;:1246,&quot;theme_id&quot;:1246,&quot;change_url&quot;:false,&quot;reinit_js&quot;:false}\">\n      <div class=\"elementor-posts-nothing-found\"><\/div>\t\t<\/div>\n\t\t\t\t\t\t<\/div>\n\t\t\t\t<\/div>\n\t\t\t\t\t<\/div>\n\t\t<\/div>\n\t\t\t\t\t<\/div>\n\t\t<\/section>\n\t\t\t\t<section class=\"elementor-section elementor-top-section elementor-element elementor-element-2b2a357 elementor-section-boxed elementor-section-height-default elementor-section-height-default\" data-id=\"2b2a357\" data-element_type=\"section\" data-settings=\"{&quot;background_background&quot;:&quot;classic&quot;}\">\n\t\t\t\t\t\t\t<div class=\"elementor-background-overlay\"><\/div>\n\t\t\t\t\t\t\t<div class=\"elementor-container elementor-column-gap-default\">\n\t\t\t\t\t<div class=\"elementor-column elementor-col-100 elementor-top-column elementor-element elementor-element-303af24\" data-id=\"303af24\" data-element_type=\"column\">\n\t\t\t<div class=\"elementor-widget-wrap elementor-element-populated\">\n\t\t\t\t\t\t<div class=\"elementor-element elementor-element-427d017 elementor-widget elementor-widget-heading\" data-id=\"427d017\" data-element_type=\"widget\" data-widget_type=\"heading.default\">\n\t\t\t\t<div class=\"elementor-widget-container\">\n\t\t\t\t\t<h2 class=\"elementor-heading-title elementor-size-default\">Cadastrar para receber as novidades da RECAM<\/h2>\t\t\t\t<\/div>\n\t\t\t\t<\/div>\n\t\t\t\t<div class=\"elementor-element elementor-element-47394a8 elementor-button-align-stretch elementor-widget elementor-widget-form\" data-id=\"47394a8\" data-element_type=\"widget\" data-settings=\"{&quot;step_next_label&quot;:&quot;Next&quot;,&quot;step_previous_label&quot;:&quot;Previous&quot;,&quot;button_width&quot;:&quot;100&quot;,&quot;step_type&quot;:&quot;number_text&quot;,&quot;step_icon_shape&quot;:&quot;circle&quot;}\" data-widget_type=\"form.default\">\n\t\t\t\t<div class=\"elementor-widget-container\">\n\t\t\t\t\t\t\t<form class=\"elementor-form\" method=\"post\" name=\"Formulario_News_PT\">\n\t\t\t<input type=\"hidden\" name=\"post_id\" value=\"1246\"\/>\n\t\t\t<input type=\"hidden\" name=\"form_id\" value=\"47394a8\"\/>\n\t\t\t<input type=\"hidden\" name=\"referer_title\" value=\"Plataforma Mercosur Audiovisual\" \/>\n\n\t\t\t\n\t\t\t<div class=\"elementor-form-fields-wrapper elementor-labels-above\">\n\t\t\t\t\t\t\t\t<div class=\"elementor-field-type-text elementor-field-group elementor-column elementor-field-group-name elementor-col-33\">\n\t\t\t\t\t\t\t\t\t\t\t\t<label for=\"form-field-name\" class=\"elementor-field-label\">\n\t\t\t\t\t\t\t\tNome\t\t\t\t\t\t\t<\/label>\n\t\t\t\t\t\t\t\t\t\t\t\t\t\t<input size=\"1\" type=\"text\" name=\"form_fields[name]\" id=\"form-field-name\" class=\"elementor-field elementor-size-sm  elementor-field-textual\" placeholder=\"Nome\">\n\t\t\t\t\t\t\t\t\t\t\t<\/div>\n\t\t\t\t\t\t\t\t<div class=\"elementor-field-type-email elementor-field-group elementor-column elementor-field-group-email elementor-col-33 elementor-field-required\">\n\t\t\t\t\t\t\t\t\t\t\t\t<label for=\"form-field-email\" class=\"elementor-field-label\">\n\t\t\t\t\t\t\t\tE-mail\t\t\t\t\t\t\t<\/label>\n\t\t\t\t\t\t\t\t\t\t\t\t\t\t<input size=\"1\" type=\"email\" name=\"form_fields[email]\" id=\"form-field-email\" class=\"elementor-field elementor-size-sm  elementor-field-textual\" placeholder=\"E-mail\" required=\"required\">\n\t\t\t\t\t\t\t\t\t\t\t<\/div>\n\t\t\t\t\t\t\t\t<div class=\"elementor-field-type-acceptance elementor-field-group elementor-column elementor-field-group-field_58b5e47 elementor-col-33 elementor-field-required\">\n\t\t\t\t\t\t\t<div class=\"elementor-field-subgroup\">\n\t\t\t<span class=\"elementor-field-option\">\n\t\t\t\t<input type=\"checkbox\" name=\"form_fields[field_58b5e47]\" id=\"form-field-field_58b5e47\" class=\"elementor-field elementor-size-sm  elementor-acceptance-field\" required=\"required\">\n\t\t\t\t<label for=\"form-field-field_58b5e47\">Aceito receber not\u00edcias e informa\u00e7\u00f5es sobre a RECAM<\/label>\t\t\t<\/span>\n\t\t<\/div>\n\t\t\t\t\t\t<\/div>\n\t\t\t\t\t\t\t\t<div class=\"elementor-field-type-recaptcha_v3 elementor-field-group elementor-column elementor-field-group-field_11f6145 elementor-col-100 recaptcha_v3-bottomright\">\n\t\t\t\t\t<div class=\"elementor-field\" id=\"form-field-field_11f6145\"><div class=\"elementor-g-recaptcha\" data-sitekey=\"6Ldcl-MqAAAAAF4sq-qoyFKKyhjC3vsbcj8jaWl4\" data-type=\"v3\" data-action=\"Form\" data-badge=\"bottomright\" data-size=\"invisible\"><\/div><\/div>\t\t\t\t<\/div>\n\t\t\t\t\t\t\t\t<div class=\"elementor-field-group elementor-column elementor-field-type-submit elementor-col-100 e-form__buttons\">\n\t\t\t\t\t<button class=\"elementor-button elementor-size-sm elementor-animation-grow\" type=\"submit\">\n\t\t\t\t\t\t<span class=\"elementor-button-content-wrapper\">\n\t\t\t\t\t\t\t\t\t\t\t\t\t\t\t\t\t\t\t\t\t\t<span class=\"elementor-button-text\">quero receber<\/span>\n\t\t\t\t\t\t\t\t\t\t\t\t\t<\/span>\n\t\t\t\t\t<\/button>\n\t\t\t\t<\/div>\n\t\t\t<\/div>\n\t\t<\/form>\n\t\t\t\t\t\t<\/div>\n\t\t\t\t<\/div>\n\t\t\t\t\t<\/div>\n\t\t<\/div>\n\t\t\t\t\t<\/div>\n\t\t<\/section>\n\t\t\t\t<\/div>\n\t\t","protected":false},"excerpt":{"rendered":"<p>CICLO: INF\u00c2NCIAS E IMAGINA\u00c7\u00c3O Este ciclo celebra o universo infantil por meio de hist\u00f3rias de descoberta, fantasia e crescimento. Com narrativas que refletem sobre as rela\u00e7\u00f5es humanas, os curtas exploram como as crian\u00e7as interagem com o mundo ao seu redor. S\u00e3o hist\u00f3rias que falam sobre curiosidade, amizade e conex\u00e3o com o ambiente, abordando temas como [&hellip;]<\/p>\n","protected":false},"author":1,"featured_media":0,"parent":0,"menu_order":0,"comment_status":"closed","ping_status":"closed","template":"elementor_header_footer","meta":{"_acf_changed":false,"_monsterinsights_skip_tracking":false,"_monsterinsights_sitenote_active":false,"_monsterinsights_sitenote_note":"","_monsterinsights_sitenote_category":0,"_joinchat":[],"footnotes":""},"class_list":["post-1246","page","type-page","status-publish","hentry"],"acf":[],"yoast_head":"<!-- This site is optimized with the Yoast SEO plugin v25.0 - https:\/\/yoast.com\/wordpress\/plugins\/seo\/ -->\n<title>Home - Plataforma Mercosul Audiovisual | RECAM<\/title>\n<meta name=\"robots\" content=\"index, follow, max-snippet:-1, max-image-preview:large, max-video-preview:-1\" \/>\n<link rel=\"canonical\" href=\"https:\/\/play.mercosuraudiovisual.org\/pt-br\/\" \/>\n<meta property=\"og:locale\" content=\"pt_BR\" \/>\n<meta property=\"og:type\" content=\"article\" \/>\n<meta property=\"og:title\" content=\"Home - Plataforma Mercosul Audiovisual | RECAM\" \/>\n<meta property=\"og:description\" content=\"CICLO: INF\u00c2NCIAS E IMAGINA\u00c7\u00c3O Este ciclo celebra o universo infantil por meio de hist\u00f3rias de descoberta, fantasia e crescimento. Com narrativas que refletem sobre as rela\u00e7\u00f5es humanas, os curtas exploram como as crian\u00e7as interagem com o mundo ao seu redor. S\u00e3o hist\u00f3rias que falam sobre curiosidade, amizade e conex\u00e3o com o ambiente, abordando temas como [&hellip;]\" \/>\n<meta property=\"og:url\" content=\"https:\/\/play.mercosuraudiovisual.org\/pt-br\/\" \/>\n<meta property=\"og:site_name\" content=\"Plataforma Mercosur Audiovisual\" \/>\n<meta property=\"article:publisher\" content=\"https:\/\/www.facebook.com\/recam.mercosur\/\" \/>\n<meta property=\"article:modified_time\" content=\"2025-12-24T15:48:45+00:00\" \/>\n<meta property=\"og:image\" content=\"https:\/\/play.mercosuraudiovisual.org\/wp-content\/uploads\/2023\/03\/CompartilhamentoRecam01.jpg\" \/>\n\t<meta property=\"og:image:width\" content=\"1200\" \/>\n\t<meta property=\"og:image:height\" content=\"900\" \/>\n\t<meta property=\"og:image:type\" content=\"image\/jpeg\" \/>\n<meta name=\"twitter:card\" content=\"summary_large_image\" \/>\n<meta name=\"twitter:site\" content=\"@recam_mercosur\" \/>\n<meta name=\"twitter:label1\" content=\"Est. tempo de leitura\" \/>\n\t<meta name=\"twitter:data1\" content=\"4 minutos\" \/>\n<script type=\"application\/ld+json\" class=\"yoast-schema-graph\">{\"@context\":\"https:\/\/schema.org\",\"@graph\":[{\"@type\":\"WebPage\",\"@id\":\"https:\/\/play.mercosuraudiovisual.org\/pt-br\/\",\"url\":\"https:\/\/play.mercosuraudiovisual.org\/pt-br\/\",\"name\":\"Home - Plataforma Mercosul Audiovisual | RECAM\",\"isPartOf\":{\"@id\":\"https:\/\/play.mercosuraudiovisual.org\/pt-br\/#website\"},\"datePublished\":\"2022-03-24T14:48:07+00:00\",\"dateModified\":\"2025-12-24T15:48:45+00:00\",\"breadcrumb\":{\"@id\":\"https:\/\/play.mercosuraudiovisual.org\/pt-br\/#breadcrumb\"},\"inLanguage\":\"pt-BR\",\"potentialAction\":[{\"@type\":\"ReadAction\",\"target\":[\"https:\/\/play.mercosuraudiovisual.org\/pt-br\/\"]}]},{\"@type\":\"BreadcrumbList\",\"@id\":\"https:\/\/play.mercosuraudiovisual.org\/pt-br\/#breadcrumb\",\"itemListElement\":[{\"@type\":\"ListItem\",\"position\":1,\"name\":\"In\u00edcio\",\"item\":\"https:\/\/play.mercosuraudiovisual.org\/pt-br\/\"},{\"@type\":\"ListItem\",\"position\":2,\"name\":\"Home\"}]},{\"@type\":\"WebSite\",\"@id\":\"https:\/\/play.mercosuraudiovisual.org\/pt-br\/#website\",\"url\":\"https:\/\/play.mercosuraudiovisual.org\/pt-br\/\",\"name\":\"Plataforma Mercosur Audiovisual\",\"description\":\"Um programa de Mercosur RECAM\",\"publisher\":{\"@id\":\"https:\/\/play.mercosuraudiovisual.org\/pt-br\/#organization\"},\"potentialAction\":[{\"@type\":\"SearchAction\",\"target\":{\"@type\":\"EntryPoint\",\"urlTemplate\":\"https:\/\/play.mercosuraudiovisual.org\/pt-br\/?s={search_term_string}\"},\"query-input\":{\"@type\":\"PropertyValueSpecification\",\"valueRequired\":true,\"valueName\":\"search_term_string\"}}],\"inLanguage\":\"pt-BR\"},{\"@type\":\"Organization\",\"@id\":\"https:\/\/play.mercosuraudiovisual.org\/pt-br\/#organization\",\"name\":\"Plataforma Mercosur Audiovisual\",\"alternateName\":\"RECAM\",\"url\":\"https:\/\/play.mercosuraudiovisual.org\/pt-br\/\",\"logo\":{\"@type\":\"ImageObject\",\"inLanguage\":\"pt-BR\",\"@id\":\"https:\/\/play.mercosuraudiovisual.org\/pt-br\/#\/schema\/logo\/image\/\",\"url\":\"https:\/\/play.mercosuraudiovisual.org\/wp-content\/uploads\/2022\/12\/Logo-Plataforma-RECAM-final.png\",\"contentUrl\":\"https:\/\/play.mercosuraudiovisual.org\/wp-content\/uploads\/2022\/12\/Logo-Plataforma-RECAM-final.png\",\"width\":823,\"height\":180,\"caption\":\"Plataforma Mercosur Audiovisual\"},\"image\":{\"@id\":\"https:\/\/play.mercosuraudiovisual.org\/pt-br\/#\/schema\/logo\/image\/\"},\"sameAs\":[\"https:\/\/www.facebook.com\/recam.mercosur\/\",\"https:\/\/x.com\/recam_mercosur\",\"https:\/\/www.instagram.com\/mercosulaudiovisual\/\",\"https:\/\/www.youtube.com\/user\/VideoRecam\/videos\"]}]}<\/script>\n<!-- \/ Yoast SEO plugin. -->","yoast_head_json":{"title":"Home - Plataforma Mercosul Audiovisual | RECAM","robots":{"index":"index","follow":"follow","max-snippet":"max-snippet:-1","max-image-preview":"max-image-preview:large","max-video-preview":"max-video-preview:-1"},"canonical":"https:\/\/play.mercosuraudiovisual.org\/pt-br\/","og_locale":"pt_BR","og_type":"article","og_title":"Home - Plataforma Mercosul Audiovisual | RECAM","og_description":"CICLO: INF\u00c2NCIAS E IMAGINA\u00c7\u00c3O Este ciclo celebra o universo infantil por meio de hist\u00f3rias de descoberta, fantasia e crescimento. Com narrativas que refletem sobre as rela\u00e7\u00f5es humanas, os curtas exploram como as crian\u00e7as interagem com o mundo ao seu redor. S\u00e3o hist\u00f3rias que falam sobre curiosidade, amizade e conex\u00e3o com o ambiente, abordando temas como [&hellip;]","og_url":"https:\/\/play.mercosuraudiovisual.org\/pt-br\/","og_site_name":"Plataforma Mercosur Audiovisual","article_publisher":"https:\/\/www.facebook.com\/recam.mercosur\/","article_modified_time":"2025-12-24T15:48:45+00:00","og_image":[{"width":1200,"height":900,"url":"https:\/\/play.mercosuraudiovisual.org\/wp-content\/uploads\/2023\/03\/CompartilhamentoRecam01.jpg","type":"image\/jpeg"}],"twitter_card":"summary_large_image","twitter_site":"@recam_mercosur","twitter_misc":{"Est. tempo de leitura":"4 minutos"},"schema":{"@context":"https:\/\/schema.org","@graph":[{"@type":"WebPage","@id":"https:\/\/play.mercosuraudiovisual.org\/pt-br\/","url":"https:\/\/play.mercosuraudiovisual.org\/pt-br\/","name":"Home - Plataforma Mercosul Audiovisual | RECAM","isPartOf":{"@id":"https:\/\/play.mercosuraudiovisual.org\/pt-br\/#website"},"datePublished":"2022-03-24T14:48:07+00:00","dateModified":"2025-12-24T15:48:45+00:00","breadcrumb":{"@id":"https:\/\/play.mercosuraudiovisual.org\/pt-br\/#breadcrumb"},"inLanguage":"pt-BR","potentialAction":[{"@type":"ReadAction","target":["https:\/\/play.mercosuraudiovisual.org\/pt-br\/"]}]},{"@type":"BreadcrumbList","@id":"https:\/\/play.mercosuraudiovisual.org\/pt-br\/#breadcrumb","itemListElement":[{"@type":"ListItem","position":1,"name":"In\u00edcio","item":"https:\/\/play.mercosuraudiovisual.org\/pt-br\/"},{"@type":"ListItem","position":2,"name":"Home"}]},{"@type":"WebSite","@id":"https:\/\/play.mercosuraudiovisual.org\/pt-br\/#website","url":"https:\/\/play.mercosuraudiovisual.org\/pt-br\/","name":"Plataforma Mercosur Audiovisual","description":"Um programa de Mercosur RECAM","publisher":{"@id":"https:\/\/play.mercosuraudiovisual.org\/pt-br\/#organization"},"potentialAction":[{"@type":"SearchAction","target":{"@type":"EntryPoint","urlTemplate":"https:\/\/play.mercosuraudiovisual.org\/pt-br\/?s={search_term_string}"},"query-input":{"@type":"PropertyValueSpecification","valueRequired":true,"valueName":"search_term_string"}}],"inLanguage":"pt-BR"},{"@type":"Organization","@id":"https:\/\/play.mercosuraudiovisual.org\/pt-br\/#organization","name":"Plataforma Mercosur Audiovisual","alternateName":"RECAM","url":"https:\/\/play.mercosuraudiovisual.org\/pt-br\/","logo":{"@type":"ImageObject","inLanguage":"pt-BR","@id":"https:\/\/play.mercosuraudiovisual.org\/pt-br\/#\/schema\/logo\/image\/","url":"https:\/\/play.mercosuraudiovisual.org\/wp-content\/uploads\/2022\/12\/Logo-Plataforma-RECAM-final.png","contentUrl":"https:\/\/play.mercosuraudiovisual.org\/wp-content\/uploads\/2022\/12\/Logo-Plataforma-RECAM-final.png","width":823,"height":180,"caption":"Plataforma Mercosur Audiovisual"},"image":{"@id":"https:\/\/play.mercosuraudiovisual.org\/pt-br\/#\/schema\/logo\/image\/"},"sameAs":["https:\/\/www.facebook.com\/recam.mercosur\/","https:\/\/x.com\/recam_mercosur","https:\/\/www.instagram.com\/mercosulaudiovisual\/","https:\/\/www.youtube.com\/user\/VideoRecam\/videos"]}]}},"_links":{"self":[{"href":"https:\/\/play.mercosuraudiovisual.org\/pt-br\/wp-json\/wp\/v2\/pages\/1246","targetHints":{"allow":["GET"]}}],"collection":[{"href":"https:\/\/play.mercosuraudiovisual.org\/pt-br\/wp-json\/wp\/v2\/pages"}],"about":[{"href":"https:\/\/play.mercosuraudiovisual.org\/pt-br\/wp-json\/wp\/v2\/types\/page"}],"author":[{"embeddable":true,"href":"https:\/\/play.mercosuraudiovisual.org\/pt-br\/wp-json\/wp\/v2\/users\/1"}],"replies":[{"embeddable":true,"href":"https:\/\/play.mercosuraudiovisual.org\/pt-br\/wp-json\/wp\/v2\/comments?post=1246"}],"version-history":[{"count":96,"href":"https:\/\/play.mercosuraudiovisual.org\/pt-br\/wp-json\/wp\/v2\/pages\/1246\/revisions"}],"predecessor-version":[{"id":3107,"href":"https:\/\/play.mercosuraudiovisual.org\/pt-br\/wp-json\/wp\/v2\/pages\/1246\/revisions\/3107"}],"wp:attachment":[{"href":"https:\/\/play.mercosuraudiovisual.org\/pt-br\/wp-json\/wp\/v2\/media?parent=1246"}],"curies":[{"name":"wp","href":"https:\/\/api.w.org\/{rel}","templated":true}]}}